{"id":13598,"date":"2024-08-06T13:25:15","date_gmt":"2024-08-06T11:25:15","guid":{"rendered":"https:\/\/ritz.at7media.digital\/la-empresa\/responsibility\/"},"modified":"2024-08-09T11:48:43","modified_gmt":"2024-08-09T09:48:43","slug":"responsibility","status":"publish","type":"page","link":"https:\/\/ritz.at7media.digital\/es\/la-empresa\/responsibility\/","title":{"rendered":"Responsibility"},"content":{"rendered":"\t\t<div data-elementor-type=\"wp-page\" data-elementor-id=\"13598\" class=\"elementor elementor-13598 elementor-13579\" data-elementor-post-type=\"page\">\n\t\t\t\t\t\t<section class=\"elementor-section elementor-top-section elementor-element elementor-element-ffeb6d1 elementor-section-boxed elementor-section-height-default elementor-section-height-default\" data-id=\"ffeb6d1\" data-element_type=\"section\" data-e-type=\"section\" data-settings=\"{&quot;jet_parallax_layout_list&quot;:[]}\">\n\t\t\t\t\t\t<div class=\"elementor-container elementor-column-gap-default\">\n\t\t\t\t\t<div class=\"elementor-column elementor-col-50 elementor-top-column elementor-element elementor-element-523616e\" data-id=\"523616e\" data-element_type=\"column\" data-e-type=\"column\">\n\t\t\t<div class=\"elementor-widget-wrap elementor-element-populated\">\n\t\t\t\t\t\t<div class=\"elementor-element elementor-element-8c30384 elementor-widget elementor-widget-pp-breadcrumbs\" data-id=\"8c30384\" data-element_type=\"widget\" data-e-type=\"widget\" data-settings=\"{&quot;breadcrumbs_type&quot;:&quot;powerpack&quot;}\" data-widget_type=\"pp-breadcrumbs.default\">\n\t\t\t\t<div class=\"elementor-widget-container\">\n\t\t\t\t\t<ul class=\"pp-breadcrumbs pp-breadcrumbs-powerpack\">\t\t<li class=\"pp-breadcrumbs-item pp-breadcrumbs-item-home\">\n\t\t\t<a class=\"pp-breadcrumbs-crumb pp-breadcrumbs-crumb-link pp-breadcrumbs-crumb-home\" href=\"https:\/\/ritz.at7media.digital\/es\/\" title=\"Home\">\n\t\t\t\t<span class=\"pp-breadcrumbs-text\">\n\t\t\t\t\t\t\t\t\t\tHome\t\t\t\t<\/span>\n\t\t\t<\/a>\n\t\t<\/li>\n\t\t<li class=\"pp-breadcrumbs-separator\">\t\t\t\t<span class='pp-separator-icon pp-icon'>\n\t\t\t\t\t<i aria-hidden=\"true\" class=\"fas fa-angle-right\"><\/i>\t\t\t\t<\/span>\n\t\t\t\t<\/li><\/ul>\t\t\t\t<\/div>\n\t\t\t\t<\/div>\n\t\t\t\t\t<\/div>\n\t\t<\/div>\n\t\t\t\t<div class=\"elementor-column elementor-col-50 elementor-top-column elementor-element elementor-element-d0df601\" data-id=\"d0df601\" data-element_type=\"column\" data-e-type=\"column\">\n\t\t\t<div class=\"elementor-widget-wrap\">\n\t\t\t\t\t\t\t<\/div>\n\t\t<\/div>\n\t\t\t\t\t<\/div>\n\t\t<\/section>\n\t\t\t\t<section class=\"elementor-section elementor-top-section elementor-element elementor-element-5cda0fc elementor-section-boxed elementor-section-height-default elementor-section-height-default\" data-id=\"5cda0fc\" data-element_type=\"section\" data-e-type=\"section\" data-settings=\"{&quot;jet_parallax_layout_list&quot;:[]}\">\n\t\t\t\t\t\t<div class=\"elementor-container elementor-column-gap-default\">\n\t\t\t\t\t<div class=\"elementor-column elementor-col-50 elementor-top-column elementor-element elementor-element-c43bfc3\" data-id=\"c43bfc3\" data-element_type=\"column\" data-e-type=\"column\">\n\t\t\t<div class=\"elementor-widget-wrap elementor-element-populated\">\n\t\t\t\t\t\t<div class=\"elementor-element elementor-element-9e8ae60 elementor-widget elementor-widget-heading\" data-id=\"9e8ae60\" data-element_type=\"widget\" data-e-type=\"widget\" data-widget_type=\"heading.default\">\n\t\t\t\t<div class=\"elementor-widget-container\">\n\t\t\t\t\t<h2 class=\"elementor-heading-title elementor-size-default\">LA RESPONSABILIDAD COMO MISI\u00d3N<\/h2>\t\t\t\t<\/div>\n\t\t\t\t<\/div>\n\t\t\t\t<div class=\"elementor-element elementor-element-18af90b elementor-widget elementor-widget-text-editor\" data-id=\"18af90b\" data-element_type=\"widget\" data-e-type=\"widget\" data-widget_type=\"text-editor.default\">\n\t\t\t\t<div class=\"elementor-widget-container\">\n\t\t\t\t\t\t\t\t\t<p>RITZ y la Fundaci\u00f3n RITZ son sin\u00f3nimo de seguridad, fiabilidad y responsabilidad intergeneracional.<br \/>\nLas personas est\u00e1n en el centro de todo lo que hacemos. <\/p>\n\t\t\t\t\t\t\t\t<\/div>\n\t\t\t\t<\/div>\n\t\t\t\t\t<\/div>\n\t\t<\/div>\n\t\t\t\t<div class=\"elementor-column elementor-col-50 elementor-top-column elementor-element elementor-element-89af649\" data-id=\"89af649\" data-element_type=\"column\" data-e-type=\"column\">\n\t\t\t<div class=\"elementor-widget-wrap elementor-element-populated\">\n\t\t\t\t\t\t<section class=\"elementor-section elementor-inner-section elementor-element elementor-element-f790e83 elementor-section-boxed elementor-section-height-default elementor-section-height-default\" data-id=\"f790e83\" data-element_type=\"section\" data-e-type=\"section\" data-settings=\"{&quot;jet_parallax_layout_list&quot;:[]}\">\n\t\t\t\t\t\t<div class=\"elementor-container elementor-column-gap-default\">\n\t\t\t\t\t<div class=\"elementor-column elementor-col-100 elementor-inner-column elementor-element elementor-element-8c0bca3\" data-id=\"8c0bca3\" data-element_type=\"column\" data-e-type=\"column\" data-settings=\"{&quot;background_background&quot;:&quot;classic&quot;}\">\n\t\t\t<div class=\"elementor-widget-wrap elementor-element-populated\">\n\t\t\t\t\t\t<div class=\"elementor-element elementor-element-6dbf522 elementor-widget elementor-widget-image\" data-id=\"6dbf522\" data-element_type=\"widget\" data-e-type=\"widget\" data-widget_type=\"image.default\">\n\t\t\t\t<div class=\"elementor-widget-container\">\n\t\t\t\t\t\t\t\t\t\t\t\t\t\t\t<img fetchpriority=\"high\" decoding=\"async\" width=\"800\" height=\"800\" src=\"https:\/\/ritz.at7media.digital\/wp-content\/uploads\/wind-energy-sq.jpg\" class=\"attachment-large size-large wp-image-13694\" alt=\"\" srcset=\"https:\/\/ritz.at7media.digital\/wp-content\/uploads\/wind-energy-sq.jpg 1000w, https:\/\/ritz.at7media.digital\/wp-content\/uploads\/wind-energy-sq-300x300.jpg 300w, https:\/\/ritz.at7media.digital\/wp-content\/uploads\/wind-energy-sq-150x150.jpg 150w, https:\/\/ritz.at7media.digital\/wp-content\/uploads\/wind-energy-sq-768x768.jpg 768w\" sizes=\"(max-width: 800px) 100vw, 800px\" \/>\t\t\t\t\t\t\t\t\t\t\t\t\t\t\t<\/div>\n\t\t\t\t<\/div>\n\t\t\t\t\t<\/div>\n\t\t<\/div>\n\t\t\t\t\t<\/div>\n\t\t<\/section>\n\t\t\t\t<section class=\"elementor-section elementor-inner-section elementor-element elementor-element-cc01b2b elementor-section-boxed elementor-section-height-default elementor-section-height-default\" data-id=\"cc01b2b\" data-element_type=\"section\" data-e-type=\"section\" data-settings=\"{&quot;jet_parallax_layout_list&quot;:[]}\">\n\t\t\t\t\t\t<div class=\"elementor-container elementor-column-gap-default\">\n\t\t\t\t\t<div class=\"elementor-column elementor-col-100 elementor-inner-column elementor-element elementor-element-2156e8c\" data-id=\"2156e8c\" data-element_type=\"column\" data-e-type=\"column\" data-settings=\"{&quot;background_background&quot;:&quot;classic&quot;}\">\n\t\t\t<div class=\"elementor-widget-wrap elementor-element-populated\">\n\t\t\t\t\t\t<div class=\"elementor-element elementor-element-4ff2fa0 elementor-widget elementor-widget-heading\" data-id=\"4ff2fa0\" data-element_type=\"widget\" data-e-type=\"widget\" data-widget_type=\"heading.default\">\n\t\t\t\t<div class=\"elementor-widget-container\">\n\t\t\t\t\t<h2 class=\"elementor-heading-title elementor-size-default\">Download<\/h2>\t\t\t\t<\/div>\n\t\t\t\t<\/div>\n\t\t\t\t<div class=\"elementor-element elementor-element-5609909 elementor-icon-list--layout-traditional elementor-list-item-link-full_width elementor-widget elementor-widget-icon-list\" data-id=\"5609909\" data-element_type=\"widget\" data-e-type=\"widget\" data-widget_type=\"icon-list.default\">\n\t\t\t\t<div class=\"elementor-widget-container\">\n\t\t\t\t\t\t\t<ul class=\"elementor-icon-list-items\">\n\t\t\t\t\t\t\t<li class=\"elementor-icon-list-item\">\n\t\t\t\t\t\t\t\t\t\t\t<a href=\"https:\/\/ritz.at7media.digital\/wp-content\/uploads\/EN-Hinweisgebersystem.pdf\" target=\"_blank\">\n\n\t\t\t\t\t\t\t\t\t\t\t\t<span class=\"elementor-icon-list-icon\">\n\t\t\t\t\t\t\t<i aria-hidden=\"true\" class=\"far fa-file-pdf\"><\/i>\t\t\t\t\t\t<\/span>\n\t\t\t\t\t\t\t\t\t\t<span class=\"elementor-icon-list-text\">Whistleblower System<\/span>\n\t\t\t\t\t\t\t\t\t\t\t<\/a>\n\t\t\t\t\t\t\t\t\t<\/li>\n\t\t\t\t\t\t<\/ul>\n\t\t\t\t\t\t<\/div>\n\t\t\t\t<\/div>\n\t\t\t\t\t<\/div>\n\t\t<\/div>\n\t\t\t\t\t<\/div>\n\t\t<\/section>\n\t\t\t\t\t<\/div>\n\t\t<\/div>\n\t\t\t\t\t<\/div>\n\t\t<\/section>\n\t\t\t\t<\/div>\n\t\t","protected":false},"excerpt":{"rendered":"<p>Home LA RESPONSABILIDAD COMO MISI\u00d3N RITZ y la Fundaci\u00f3n RITZ son sin\u00f3nimo de seguridad, fiabilidad y responsabilidad intergeneracional. Las personas est\u00e1n en el centro de todo lo que hacemos. Download Whistleblower System<\/p>\n","protected":false},"author":2,"featured_media":0,"parent":5495,"menu_order":0,"comment_status":"closed","ping_status":"closed","template":"","meta":{"_acf_changed":false,"inline_featured_image":false,"footnotes":""},"class_list":["post-13598","page","type-page","status-publish","hentry"],"acf":[],"yoast_head":"<!-- This site is optimized with the Yoast SEO plugin v26.8 - https:\/\/yoast.com\/product\/yoast-seo-wordpress\/ -->\n<title>Responsibility - RITZ<\/title>\n<meta name=\"robots\" content=\"index, follow, max-snippet:-1, max-image-preview:large, max-video-preview:-1\" \/>\n<link rel=\"canonical\" href=\"https:\/\/ritz.at7media.digital\/en\/company\/responsibility\/\" \/>\n<meta property=\"og:locale\" content=\"es_ES\" \/>\n<meta property=\"og:type\" content=\"article\" \/>\n<meta property=\"og:title\" content=\"Responsibility - RITZ\" \/>\n<meta property=\"og:description\" content=\"Home LA RESPONSABILIDAD COMO MISI\u00d3N RITZ y la Fundaci\u00f3n RITZ son sin\u00f3nimo de seguridad, fiabilidad y responsabilidad intergeneracional. Las personas est\u00e1n en el centro de todo lo que hacemos. Download Whistleblower System\" \/>\n<meta property=\"og:url\" content=\"https:\/\/ritz.at7media.digital\/en\/company\/responsibility\/\" \/>\n<meta property=\"og:site_name\" content=\"RITZ\" \/>\n<meta property=\"article:publisher\" content=\"https:\/\/www.instagram.com\/ritz_instrument_transformers\/\" \/>\n<meta property=\"article:modified_time\" content=\"2024-08-09T09:48:43+00:00\" \/>\n<meta property=\"og:image\" content=\"https:\/\/ritz.at7media.digital\/wp-content\/uploads\/wind-energy-sq.jpg\" \/>\n<meta name=\"twitter:card\" content=\"summary_large_image\" \/>\n<script type=\"application\/ld+json\" class=\"yoast-schema-graph\">{\"@context\":\"https:\/\/schema.org\",\"@graph\":[{\"@type\":\"WebPage\",\"@id\":\"https:\/\/ritz.at7media.digital\/en\/company\/responsibility\/\",\"url\":\"https:\/\/ritz.at7media.digital\/en\/company\/responsibility\/\",\"name\":\"Responsibility - RITZ\",\"isPartOf\":{\"@id\":\"https:\/\/ritz.at7media.digital\/#website\"},\"primaryImageOfPage\":{\"@id\":\"https:\/\/ritz.at7media.digital\/en\/company\/responsibility\/#primaryimage\"},\"image\":{\"@id\":\"https:\/\/ritz.at7media.digital\/en\/company\/responsibility\/#primaryimage\"},\"thumbnailUrl\":\"https:\/\/ritz.at7media.digital\/wp-content\/uploads\/wind-energy-sq.jpg\",\"datePublished\":\"2024-08-06T11:25:15+00:00\",\"dateModified\":\"2024-08-09T09:48:43+00:00\",\"breadcrumb\":{\"@id\":\"https:\/\/ritz.at7media.digital\/en\/company\/responsibility\/#breadcrumb\"},\"inLanguage\":\"es\",\"potentialAction\":[{\"@type\":\"ReadAction\",\"target\":[\"https:\/\/ritz.at7media.digital\/en\/company\/responsibility\/\"]}]},{\"@type\":\"ImageObject\",\"inLanguage\":\"es\",\"@id\":\"https:\/\/ritz.at7media.digital\/en\/company\/responsibility\/#primaryimage\",\"url\":\"https:\/\/ritz.at7media.digital\/wp-content\/uploads\/wind-energy-sq.jpg\",\"contentUrl\":\"https:\/\/ritz.at7media.digital\/wp-content\/uploads\/wind-energy-sq.jpg\"},{\"@type\":\"BreadcrumbList\",\"@id\":\"https:\/\/ritz.at7media.digital\/en\/company\/responsibility\/#breadcrumb\",\"itemListElement\":[{\"@type\":\"ListItem\",\"position\":1,\"name\":\"Startseite\",\"item\":\"https:\/\/ritz.at7media.digital\/es\/\"},{\"@type\":\"ListItem\",\"position\":2,\"name\":\"Empresa\",\"item\":\"https:\/\/ritz.at7media.digital\/en\/company\/\"},{\"@type\":\"ListItem\",\"position\":3,\"name\":\"Responsibility\"}]},{\"@type\":\"WebSite\",\"@id\":\"https:\/\/ritz.at7media.digital\/#website\",\"url\":\"https:\/\/ritz.at7media.digital\/\",\"name\":\"RITZ International\",\"description\":\"Empowering Our Electrical Future\",\"publisher\":{\"@id\":\"https:\/\/ritz.at7media.digital\/#organization\"},\"potentialAction\":[{\"@type\":\"SearchAction\",\"target\":{\"@type\":\"EntryPoint\",\"urlTemplate\":\"https:\/\/ritz.at7media.digital\/?s={search_term_string}\"},\"query-input\":{\"@type\":\"PropertyValueSpecification\",\"valueRequired\":true,\"valueName\":\"search_term_string\"}}],\"inLanguage\":\"es\"},{\"@type\":\"Organization\",\"@id\":\"https:\/\/ritz.at7media.digital\/#organization\",\"name\":\"RITZ Instrument Transformers\",\"url\":\"https:\/\/ritz.at7media.digital\/\",\"logo\":{\"@type\":\"ImageObject\",\"inLanguage\":\"es\",\"@id\":\"https:\/\/ritz.at7media.digital\/#\/schema\/logo\/image\/\",\"url\":\"https:\/\/ritz.at7media.digital\/wp-content\/uploads\/cropped-favicon-1-1.png\",\"contentUrl\":\"https:\/\/ritz.at7media.digital\/wp-content\/uploads\/cropped-favicon-1-1.png\",\"width\":512,\"height\":512,\"caption\":\"RITZ Instrument Transformers\"},\"image\":{\"@id\":\"https:\/\/ritz.at7media.digital\/#\/schema\/logo\/image\/\"},\"sameAs\":[\"https:\/\/www.instagram.com\/ritz_instrument_transformers\/\"]}]}<\/script>\n<!-- \/ Yoast SEO plugin. -->","yoast_head_json":{"title":"Responsibility - RITZ","robots":{"index":"index","follow":"follow","max-snippet":"max-snippet:-1","max-image-preview":"max-image-preview:large","max-video-preview":"max-video-preview:-1"},"canonical":"https:\/\/ritz.at7media.digital\/en\/company\/responsibility\/","og_locale":"es_ES","og_type":"article","og_title":"Responsibility - RITZ","og_description":"Home LA RESPONSABILIDAD COMO MISI\u00d3N RITZ y la Fundaci\u00f3n RITZ son sin\u00f3nimo de seguridad, fiabilidad y responsabilidad intergeneracional. Las personas est\u00e1n en el centro de todo lo que hacemos. Download Whistleblower System","og_url":"https:\/\/ritz.at7media.digital\/en\/company\/responsibility\/","og_site_name":"RITZ","article_publisher":"https:\/\/www.instagram.com\/ritz_instrument_transformers\/","article_modified_time":"2024-08-09T09:48:43+00:00","og_image":[{"url":"https:\/\/ritz.at7media.digital\/wp-content\/uploads\/wind-energy-sq.jpg","type":"","width":"","height":""}],"twitter_card":"summary_large_image","schema":{"@context":"https:\/\/schema.org","@graph":[{"@type":"WebPage","@id":"https:\/\/ritz.at7media.digital\/en\/company\/responsibility\/","url":"https:\/\/ritz.at7media.digital\/en\/company\/responsibility\/","name":"Responsibility - RITZ","isPartOf":{"@id":"https:\/\/ritz.at7media.digital\/#website"},"primaryImageOfPage":{"@id":"https:\/\/ritz.at7media.digital\/en\/company\/responsibility\/#primaryimage"},"image":{"@id":"https:\/\/ritz.at7media.digital\/en\/company\/responsibility\/#primaryimage"},"thumbnailUrl":"https:\/\/ritz.at7media.digital\/wp-content\/uploads\/wind-energy-sq.jpg","datePublished":"2024-08-06T11:25:15+00:00","dateModified":"2024-08-09T09:48:43+00:00","breadcrumb":{"@id":"https:\/\/ritz.at7media.digital\/en\/company\/responsibility\/#breadcrumb"},"inLanguage":"es","potentialAction":[{"@type":"ReadAction","target":["https:\/\/ritz.at7media.digital\/en\/company\/responsibility\/"]}]},{"@type":"ImageObject","inLanguage":"es","@id":"https:\/\/ritz.at7media.digital\/en\/company\/responsibility\/#primaryimage","url":"https:\/\/ritz.at7media.digital\/wp-content\/uploads\/wind-energy-sq.jpg","contentUrl":"https:\/\/ritz.at7media.digital\/wp-content\/uploads\/wind-energy-sq.jpg"},{"@type":"BreadcrumbList","@id":"https:\/\/ritz.at7media.digital\/en\/company\/responsibility\/#breadcrumb","itemListElement":[{"@type":"ListItem","position":1,"name":"Startseite","item":"https:\/\/ritz.at7media.digital\/es\/"},{"@type":"ListItem","position":2,"name":"Empresa","item":"https:\/\/ritz.at7media.digital\/en\/company\/"},{"@type":"ListItem","position":3,"name":"Responsibility"}]},{"@type":"WebSite","@id":"https:\/\/ritz.at7media.digital\/#website","url":"https:\/\/ritz.at7media.digital\/","name":"RITZ International","description":"Empowering Our Electrical Future","publisher":{"@id":"https:\/\/ritz.at7media.digital\/#organization"},"potentialAction":[{"@type":"SearchAction","target":{"@type":"EntryPoint","urlTemplate":"https:\/\/ritz.at7media.digital\/?s={search_term_string}"},"query-input":{"@type":"PropertyValueSpecification","valueRequired":true,"valueName":"search_term_string"}}],"inLanguage":"es"},{"@type":"Organization","@id":"https:\/\/ritz.at7media.digital\/#organization","name":"RITZ Instrument Transformers","url":"https:\/\/ritz.at7media.digital\/","logo":{"@type":"ImageObject","inLanguage":"es","@id":"https:\/\/ritz.at7media.digital\/#\/schema\/logo\/image\/","url":"https:\/\/ritz.at7media.digital\/wp-content\/uploads\/cropped-favicon-1-1.png","contentUrl":"https:\/\/ritz.at7media.digital\/wp-content\/uploads\/cropped-favicon-1-1.png","width":512,"height":512,"caption":"RITZ Instrument Transformers"},"image":{"@id":"https:\/\/ritz.at7media.digital\/#\/schema\/logo\/image\/"},"sameAs":["https:\/\/www.instagram.com\/ritz_instrument_transformers\/"]}]}},"publishpress_future_action":{"enabled":false,"date":"2026-04-15 13:27:13","action":"change-status","newStatus":"draft","terms":[],"taxonomy":"translation_priority","extraData":[]},"publishpress_future_workflow_manual_trigger":{"enabledWorkflows":[]},"_links":{"self":[{"href":"https:\/\/ritz.at7media.digital\/es\/wp-json\/wp\/v2\/pages\/13598","targetHints":{"allow":["GET"]}}],"collection":[{"href":"https:\/\/ritz.at7media.digital\/es\/wp-json\/wp\/v2\/pages"}],"about":[{"href":"https:\/\/ritz.at7media.digital\/es\/wp-json\/wp\/v2\/types\/page"}],"author":[{"embeddable":true,"href":"https:\/\/ritz.at7media.digital\/es\/wp-json\/wp\/v2\/users\/2"}],"replies":[{"embeddable":true,"href":"https:\/\/ritz.at7media.digital\/es\/wp-json\/wp\/v2\/comments?post=13598"}],"version-history":[{"count":6,"href":"https:\/\/ritz.at7media.digital\/es\/wp-json\/wp\/v2\/pages\/13598\/revisions"}],"predecessor-version":[{"id":13708,"href":"https:\/\/ritz.at7media.digital\/es\/wp-json\/wp\/v2\/pages\/13598\/revisions\/13708"}],"up":[{"embeddable":true,"href":"https:\/\/ritz.at7media.digital\/es\/wp-json\/wp\/v2\/pages\/5495"}],"wp:attachment":[{"href":"https:\/\/ritz.at7media.digital\/es\/wp-json\/wp\/v2\/media?parent=13598"}],"curies":[{"name":"wp","href":"https:\/\/api.w.org\/{rel}","templated":true}]}}