{"id":5628,"date":"2022-09-29T11:58:00","date_gmt":"2022-09-29T09:58:00","guid":{"rendered":"https:\/\/ritz.at7media.digital\/pongase-en-contacto-con-nosotros\/"},"modified":"2024-10-22T15:08:25","modified_gmt":"2024-10-22T13:08:25","slug":"contacto","status":"publish","type":"page","link":"https:\/\/ritz.at7media.digital\/es\/contacto\/","title":{"rendered":"Contacto"},"content":{"rendered":"\t\t<div data-elementor-type=\"wp-page\" data-elementor-id=\"5628\" class=\"elementor elementor-5628 elementor-946\" data-elementor-post-type=\"page\">\n\t\t\t\t\t\t<section class=\"elementor-section elementor-top-section elementor-element elementor-element-e62717d elementor-section-boxed elementor-section-height-default elementor-section-height-default\" data-id=\"e62717d\" data-element_type=\"section\" data-e-type=\"section\" data-settings=\"{&quot;jet_parallax_layout_list&quot;:[]}\">\n\t\t\t\t\t\t<div class=\"elementor-container elementor-column-gap-default\">\n\t\t\t\t\t<div class=\"elementor-column elementor-col-50 elementor-top-column elementor-element elementor-element-38bf6c6\" data-id=\"38bf6c6\" data-element_type=\"column\" data-e-type=\"column\">\n\t\t\t<div class=\"elementor-widget-wrap elementor-element-populated\">\n\t\t\t\t\t\t<div class=\"elementor-element elementor-element-db82773 elementor-widget elementor-widget-pp-breadcrumbs\" data-id=\"db82773\" data-element_type=\"widget\" data-e-type=\"widget\" data-settings=\"{&quot;breadcrumbs_type&quot;:&quot;powerpack&quot;}\" data-widget_type=\"pp-breadcrumbs.default\">\n\t\t\t\t<div class=\"elementor-widget-container\">\n\t\t\t\t\t<ul class=\"pp-breadcrumbs pp-breadcrumbs-powerpack\">\t\t<li class=\"pp-breadcrumbs-item pp-breadcrumbs-item-home\">\n\t\t\t<a class=\"pp-breadcrumbs-crumb pp-breadcrumbs-crumb-link pp-breadcrumbs-crumb-home\" href=\"https:\/\/ritz.at7media.digital\/es\/\" title=\"Inicio\">\n\t\t\t\t<span class=\"pp-breadcrumbs-text\">\n\t\t\t\t\t\t\t\t\t\tInicio\t\t\t\t<\/span>\n\t\t\t<\/a>\n\t\t<\/li>\n\t\t<li class=\"pp-breadcrumbs-separator\">\t\t\t\t<span class='pp-separator-icon pp-icon'>\n\t\t\t\t\t<i aria-hidden=\"true\" class=\"fas fa-angle-right\"><\/i>\t\t\t\t<\/span>\n\t\t\t\t<\/li><\/ul>\t\t\t\t<\/div>\n\t\t\t\t<\/div>\n\t\t\t\t\t<\/div>\n\t\t<\/div>\n\t\t\t\t<div class=\"elementor-column elementor-col-50 elementor-top-column elementor-element elementor-element-5328c73\" data-id=\"5328c73\" data-element_type=\"column\" data-e-type=\"column\">\n\t\t\t<div class=\"elementor-widget-wrap\">\n\t\t\t\t\t\t\t<\/div>\n\t\t<\/div>\n\t\t\t\t\t<\/div>\n\t\t<\/section>\n\t\t\t\t<section class=\"elementor-section elementor-top-section elementor-element elementor-element-eb59d90 elementor-section-boxed elementor-section-height-default elementor-section-height-default\" data-id=\"eb59d90\" data-element_type=\"section\" data-e-type=\"section\" data-settings=\"{&quot;jet_parallax_layout_list&quot;:[]}\">\n\t\t\t\t\t\t<div class=\"elementor-container elementor-column-gap-default\">\n\t\t\t\t\t<div class=\"elementor-column elementor-col-50 elementor-top-column elementor-element elementor-element-dbbc0e1\" data-id=\"dbbc0e1\" data-element_type=\"column\" data-e-type=\"column\">\n\t\t\t<div class=\"elementor-widget-wrap elementor-element-populated\">\n\t\t\t\t\t\t<div class=\"elementor-element elementor-element-4ded0ef elementor-widget elementor-widget-heading\" data-id=\"4ded0ef\" data-element_type=\"widget\" data-e-type=\"widget\" data-widget_type=\"heading.default\">\n\t\t\t\t<div class=\"elementor-widget-container\">\n\t\t\t\t\t<h2 class=\"elementor-heading-title elementor-size-default\">Estamos a <br> su disposici&oacute;n.<\/h2>\t\t\t\t<\/div>\n\t\t\t\t<\/div>\n\t\t\t\t<div class=\"elementor-element elementor-element-9ec9ea1 elementor-widget elementor-widget-text-editor\" data-id=\"9ec9ea1\" data-element_type=\"widget\" data-e-type=\"widget\" data-widget_type=\"text-editor.default\">\n\t\t\t\t<div class=\"elementor-widget-container\">\n\t\t\t\t\t\t\t\t\t<p>Muchos caminos llevan a RITZ. \u00bfTiene alguna pregunta, petici&oacute;n o sugerencia? \u00bfNecesita asistencia t&eacute;cnica? Nuestro personal experto estar&aacute; encantando de asesorarle personalmente en cualquier momento y de compartir sus conocimientos especializados con usted. Cont&aacute;ctenos. A continuaci&oacute;n tiene una lista con los datos de contacto m&aacute;s importantes.&nbsp;<\/p>\n\t\t\t\t\t\t\t\t<\/div>\n\t\t\t\t<\/div>\n\t\t\t\t\t<\/div>\n\t\t<\/div>\n\t\t\t\t<div class=\"elementor-column elementor-col-50 elementor-top-column elementor-element elementor-element-37b247c\" data-id=\"37b247c\" data-element_type=\"column\" data-e-type=\"column\">\n\t\t\t<div class=\"elementor-widget-wrap elementor-element-populated\">\n\t\t\t\t\t\t<div class=\"elementor-element elementor-element-cc7880c elementor-widget elementor-widget-image\" data-id=\"cc7880c\" data-element_type=\"widget\" data-e-type=\"widget\" data-widget_type=\"image.default\">\n\t\t\t\t<div class=\"elementor-widget-container\">\n\t\t\t\t\t\t\t\t\t\t\t\t\t\t\t<img fetchpriority=\"high\" decoding=\"async\" width=\"561\" height=\"551\" src=\"https:\/\/ritz.at7media.digital\/wp-content\/uploads\/Kontakt_intro_bild.webp\" class=\"attachment-large size-large wp-image-5067\" alt=\"\" srcset=\"https:\/\/ritz.at7media.digital\/wp-content\/uploads\/Kontakt_intro_bild.webp 561w, https:\/\/ritz.at7media.digital\/wp-content\/uploads\/Kontakt_intro_bild-300x295.webp 300w\" sizes=\"(max-width: 561px) 100vw, 561px\" \/>\t\t\t\t\t\t\t\t\t\t\t\t\t\t\t<\/div>\n\t\t\t\t<\/div>\n\t\t\t\t\t<\/div>\n\t\t<\/div>\n\t\t\t\t\t<\/div>\n\t\t<\/section>\n\t\t\t\t<section class=\"elementor-section elementor-top-section elementor-element elementor-element-6ab1b4b elementor-section-boxed elementor-section-height-default elementor-section-height-default\" data-id=\"6ab1b4b\" data-element_type=\"section\" data-e-type=\"section\" data-settings=\"{&quot;jet_parallax_layout_list&quot;:[]}\">\n\t\t\t\t\t\t<div class=\"elementor-container elementor-column-gap-default\">\n\t\t\t\t\t<div class=\"elementor-column elementor-col-100 elementor-top-column elementor-element elementor-element-b513144\" data-id=\"b513144\" data-element_type=\"column\" data-e-type=\"column\">\n\t\t\t<div class=\"elementor-widget-wrap elementor-element-populated\">\n\t\t\t\t\t\t<div class=\"elementor-element elementor-element-f45ef3c elementor-widget elementor-widget-template\" data-id=\"f45ef3c\" data-element_type=\"widget\" data-e-type=\"widget\" data-widget_type=\"template.default\">\n\t\t\t\t<div class=\"elementor-widget-container\">\n\t\t\t\t\t\t\t<div class=\"elementor-template\">\n\t\t\t\t\t<div data-elementor-type=\"section\" data-elementor-id=\"7612\" class=\"elementor elementor-7612 elementor-7590\" data-elementor-post-type=\"elementor_library\">\n\t\t\t<div class=\"elementor-element elementor-element-5d1dca3 e-flex e-con-boxed e-con e-parent\" data-id=\"5d1dca3\" data-element_type=\"container\" data-e-type=\"container\" data-settings=\"{&quot;jet_parallax_layout_list&quot;:[]}\">\n\t\t\t\t\t<div class=\"e-con-inner\">\n\t\t\t\t<div class=\"elementor-element elementor-element-9f2596b elementor-widget elementor-widget-jet-tabs\" data-id=\"9f2596b\" data-element_type=\"widget\" data-e-type=\"widget\" data-settings=\"{&quot;tabs_position&quot;:&quot;top&quot;,&quot;no_active_tabs&quot;:&quot;false&quot;}\" data-widget_type=\"jet-tabs.default\">\n\t\t\t\t<div class=\"elementor-widget-container\">\n\t\t\t\t\t\n\t\t<div class=\"jet-tabs jet-tabs-position-top jet-tabs-move-up-effect jet-tabs-ajax-template\" data-settings=\"{&quot;activeIndex&quot;:0,&quot;event&quot;:&quot;click&quot;,&quot;autoSwitch&quot;:false,&quot;autoSwitchDelay&quot;:3000,&quot;ajaxTemplate&quot;:true,&quot;tabsPosition&quot;:&quot;top&quot;,&quot;switchScrolling&quot;:false,&quot;switchScrollingOffset&quot;:0}\">\n\t\t\t<div class=\"jet-tabs__control-wrapper \" role=\"tablist\">\n                                    <div id=\"jet-tabs-control-1661\" class=\"jet-tabs__control jet-tabs__control-icon-left elementor-menu-anchor active-tab \" data-tab=\"1\" tabindex=\"0\" role=\"tab\" aria-controls=\"jet-tabs-content-1661\" aria-expanded=\"true\" data-template-id=\"2279\"><div class=\"jet-tabs__control-inner\"><div class=\"jet-tabs__label-text\">Centros de producci\u00f3n<\/div><\/div><\/div><div id=\"jet-tabs-control-1662\" class=\"jet-tabs__control jet-tabs__control-icon-left elementor-menu-anchor  \" data-tab=\"2\" tabindex=\"0\" role=\"tab\" aria-controls=\"jet-tabs-content-1662\" aria-expanded=\"false\" data-template-id=\"1368\"><div class=\"jet-tabs__control-inner\"><div class=\"jet-tabs__label-text\">Sedes<\/div><\/div><\/div><div id=\"jet-tabs-control-1663\" class=\"jet-tabs__control jet-tabs__control-icon-left elementor-menu-anchor  \" data-tab=\"3\" tabindex=\"0\" role=\"tab\" aria-controls=\"jet-tabs-content-1663\" aria-expanded=\"false\" data-template-id=\"1609\"><div class=\"jet-tabs__control-inner\"><div class=\"jet-tabs__label-text\">\u00c1reas de productos<\/div><\/div><\/div><div id=\"jet-tabs-control-1664\" class=\"jet-tabs__control jet-tabs__control-icon-left elementor-menu-anchor  \" data-tab=\"4\" tabindex=\"0\" role=\"tab\" aria-controls=\"jet-tabs-content-1664\" aria-expanded=\"false\" data-template-id=\"1621\"><div class=\"jet-tabs__control-inner\"><div class=\"jet-tabs__label-text\">Agencias<\/div><\/div><\/div>\n                    \t\t\t    <\/div>\n\t\t\t<div class=\"jet-tabs__content-wrapper\">\n\t\t\t\t<div id=\"jet-tabs-content-1661\" class=\"jet-tabs__content active-content\" data-tab=\"1\" role=\"tabpanel\" aria-hidden=\"false\" data-template-id=\"2279\"><div class=\"jet-tabs-loader\"><\/div><\/div><div id=\"jet-tabs-content-1662\" class=\"jet-tabs__content \" data-tab=\"2\" role=\"tabpanel\" aria-hidden=\"true\" data-template-id=\"1368\"><div class=\"jet-tabs-loader\"><\/div><\/div><div id=\"jet-tabs-content-1663\" class=\"jet-tabs__content \" data-tab=\"3\" role=\"tabpanel\" aria-hidden=\"true\" data-template-id=\"1609\"><div class=\"jet-tabs-loader\"><\/div><\/div><div id=\"jet-tabs-content-1664\" class=\"jet-tabs__content \" data-tab=\"4\" role=\"tabpanel\" aria-hidden=\"true\" data-template-id=\"1621\"><div class=\"jet-tabs-loader\"><\/div><\/div>\t\t\t<\/div>\n\t\t<\/div>\n\t\t\t\t\t\t<\/div>\n\t\t\t\t<\/div>\n\t\t\t\t\t<\/div>\n\t\t\t\t<\/div>\n\t\t\t\t<\/div>\n\t\t\t\t<\/div>\n\t\t\t\t\t\t<\/div>\n\t\t\t\t<\/div>\n\t\t\t\t\t<\/div>\n\t\t<\/div>\n\t\t\t\t\t<\/div>\n\t\t<\/section>\n\t\t\t\t<\/div>\n\t\t","protected":false},"excerpt":{"rendered":"<p>Inicio Estamos a su disposici\u00f3n. Muchos caminos llevan a RITZ. \u00bfTiene alguna pregunta, petici\u00f3n o sugerencia? \u00bfNecesita asistencia t\u00e9cnica? Nuestro personal experto estar\u00e1 encantando de asesorarle personalmente en cualquier momento y de compartir sus conocimientos especializados con usted. Cont\u00e1ctenos. A continuaci\u00f3n tiene una lista con los datos de contacto m\u00e1s importantes.<\/p>\n","protected":false},"author":1,"featured_media":0,"parent":0,"menu_order":0,"comment_status":"closed","ping_status":"closed","template":"","meta":{"_acf_changed":false,"inline_featured_image":false,"footnotes":""},"class_list":["post-5628","page","type-page","status-publish","hentry"],"acf":[],"yoast_head":"<!-- This site is optimized with the Yoast SEO plugin v26.8 - https:\/\/yoast.com\/product\/yoast-seo-wordpress\/ -->\n<title>Contacto - RITZ<\/title>\n<meta name=\"robots\" content=\"index, follow, max-snippet:-1, max-image-preview:large, max-video-preview:-1\" \/>\n<link rel=\"canonical\" href=\"https:\/\/ritz.at7media.digital\/es\/contacto\/\" \/>\n<meta property=\"og:locale\" content=\"es_ES\" \/>\n<meta property=\"og:type\" content=\"article\" \/>\n<meta property=\"og:title\" content=\"Contacto - RITZ\" \/>\n<meta property=\"og:description\" content=\"Inicio Estamos a su disposici\u00f3n. Muchos caminos llevan a RITZ. \u00bfTiene alguna pregunta, petici\u00f3n o sugerencia? \u00bfNecesita asistencia t\u00e9cnica? Nuestro personal experto estar\u00e1 encantando de asesorarle personalmente en cualquier momento y de compartir sus conocimientos especializados con usted. Cont\u00e1ctenos. A continuaci\u00f3n tiene una lista con los datos de contacto m\u00e1s importantes.\" \/>\n<meta property=\"og:url\" content=\"https:\/\/ritz.at7media.digital\/es\/contacto\/\" \/>\n<meta property=\"og:site_name\" content=\"RITZ\" \/>\n<meta property=\"article:publisher\" content=\"https:\/\/www.instagram.com\/ritz_instrument_transformers\/\" \/>\n<meta property=\"article:modified_time\" content=\"2024-10-22T13:08:25+00:00\" \/>\n<meta property=\"og:image\" content=\"https:\/\/ritz.at7media.digital\/wp-content\/uploads\/Kontakt_intro_bild.webp\" \/>\n<meta name=\"twitter:card\" content=\"summary_large_image\" \/>\n<meta name=\"twitter:label1\" content=\"Tiempo de lectura\" \/>\n\t<meta name=\"twitter:data1\" content=\"1 minuto\" \/>\n<script type=\"application\/ld+json\" class=\"yoast-schema-graph\">{\"@context\":\"https:\/\/schema.org\",\"@graph\":[{\"@type\":\"WebPage\",\"@id\":\"https:\/\/ritz.at7media.digital\/es\/contacto\/\",\"url\":\"https:\/\/ritz.at7media.digital\/es\/contacto\/\",\"name\":\"Contacto - RITZ\",\"isPartOf\":{\"@id\":\"https:\/\/ritz.at7media.digital\/#website\"},\"primaryImageOfPage\":{\"@id\":\"https:\/\/ritz.at7media.digital\/es\/contacto\/#primaryimage\"},\"image\":{\"@id\":\"https:\/\/ritz.at7media.digital\/es\/contacto\/#primaryimage\"},\"thumbnailUrl\":\"https:\/\/ritz.at7media.digital\/wp-content\/uploads\/Kontakt_intro_bild.webp\",\"datePublished\":\"2022-09-29T09:58:00+00:00\",\"dateModified\":\"2024-10-22T13:08:25+00:00\",\"breadcrumb\":{\"@id\":\"https:\/\/ritz.at7media.digital\/es\/contacto\/#breadcrumb\"},\"inLanguage\":\"es\",\"potentialAction\":[{\"@type\":\"ReadAction\",\"target\":[\"https:\/\/ritz.at7media.digital\/es\/contacto\/\"]}]},{\"@type\":\"ImageObject\",\"inLanguage\":\"es\",\"@id\":\"https:\/\/ritz.at7media.digital\/es\/contacto\/#primaryimage\",\"url\":\"https:\/\/ritz.at7media.digital\/wp-content\/uploads\/Kontakt_intro_bild.webp\",\"contentUrl\":\"https:\/\/ritz.at7media.digital\/wp-content\/uploads\/Kontakt_intro_bild.webp\"},{\"@type\":\"BreadcrumbList\",\"@id\":\"https:\/\/ritz.at7media.digital\/es\/contacto\/#breadcrumb\",\"itemListElement\":[{\"@type\":\"ListItem\",\"position\":1,\"name\":\"Startseite\",\"item\":\"https:\/\/ritz.at7media.digital\/es\/\"},{\"@type\":\"ListItem\",\"position\":2,\"name\":\"Contacto\"}]},{\"@type\":\"WebSite\",\"@id\":\"https:\/\/ritz.at7media.digital\/#website\",\"url\":\"https:\/\/ritz.at7media.digital\/\",\"name\":\"RITZ International\",\"description\":\"Empowering Our Electrical Future\",\"publisher\":{\"@id\":\"https:\/\/ritz.at7media.digital\/#organization\"},\"potentialAction\":[{\"@type\":\"SearchAction\",\"target\":{\"@type\":\"EntryPoint\",\"urlTemplate\":\"https:\/\/ritz.at7media.digital\/?s={search_term_string}\"},\"query-input\":{\"@type\":\"PropertyValueSpecification\",\"valueRequired\":true,\"valueName\":\"search_term_string\"}}],\"inLanguage\":\"es\"},{\"@type\":\"Organization\",\"@id\":\"https:\/\/ritz.at7media.digital\/#organization\",\"name\":\"RITZ Instrument Transformers\",\"url\":\"https:\/\/ritz.at7media.digital\/\",\"logo\":{\"@type\":\"ImageObject\",\"inLanguage\":\"es\",\"@id\":\"https:\/\/ritz.at7media.digital\/#\/schema\/logo\/image\/\",\"url\":\"https:\/\/ritz.at7media.digital\/wp-content\/uploads\/cropped-favicon-1-1.png\",\"contentUrl\":\"https:\/\/ritz.at7media.digital\/wp-content\/uploads\/cropped-favicon-1-1.png\",\"width\":512,\"height\":512,\"caption\":\"RITZ Instrument Transformers\"},\"image\":{\"@id\":\"https:\/\/ritz.at7media.digital\/#\/schema\/logo\/image\/\"},\"sameAs\":[\"https:\/\/www.instagram.com\/ritz_instrument_transformers\/\"]}]}<\/script>\n<!-- \/ Yoast SEO plugin. -->","yoast_head_json":{"title":"Contacto - RITZ","robots":{"index":"index","follow":"follow","max-snippet":"max-snippet:-1","max-image-preview":"max-image-preview:large","max-video-preview":"max-video-preview:-1"},"canonical":"https:\/\/ritz.at7media.digital\/es\/contacto\/","og_locale":"es_ES","og_type":"article","og_title":"Contacto - RITZ","og_description":"Inicio Estamos a su disposici\u00f3n. Muchos caminos llevan a RITZ. \u00bfTiene alguna pregunta, petici\u00f3n o sugerencia? \u00bfNecesita asistencia t\u00e9cnica? Nuestro personal experto estar\u00e1 encantando de asesorarle personalmente en cualquier momento y de compartir sus conocimientos especializados con usted. Cont\u00e1ctenos. A continuaci\u00f3n tiene una lista con los datos de contacto m\u00e1s importantes.","og_url":"https:\/\/ritz.at7media.digital\/es\/contacto\/","og_site_name":"RITZ","article_publisher":"https:\/\/www.instagram.com\/ritz_instrument_transformers\/","article_modified_time":"2024-10-22T13:08:25+00:00","og_image":[{"url":"https:\/\/ritz.at7media.digital\/wp-content\/uploads\/Kontakt_intro_bild.webp","type":"","width":"","height":""}],"twitter_card":"summary_large_image","twitter_misc":{"Tiempo de lectura":"1 minuto"},"schema":{"@context":"https:\/\/schema.org","@graph":[{"@type":"WebPage","@id":"https:\/\/ritz.at7media.digital\/es\/contacto\/","url":"https:\/\/ritz.at7media.digital\/es\/contacto\/","name":"Contacto - RITZ","isPartOf":{"@id":"https:\/\/ritz.at7media.digital\/#website"},"primaryImageOfPage":{"@id":"https:\/\/ritz.at7media.digital\/es\/contacto\/#primaryimage"},"image":{"@id":"https:\/\/ritz.at7media.digital\/es\/contacto\/#primaryimage"},"thumbnailUrl":"https:\/\/ritz.at7media.digital\/wp-content\/uploads\/Kontakt_intro_bild.webp","datePublished":"2022-09-29T09:58:00+00:00","dateModified":"2024-10-22T13:08:25+00:00","breadcrumb":{"@id":"https:\/\/ritz.at7media.digital\/es\/contacto\/#breadcrumb"},"inLanguage":"es","potentialAction":[{"@type":"ReadAction","target":["https:\/\/ritz.at7media.digital\/es\/contacto\/"]}]},{"@type":"ImageObject","inLanguage":"es","@id":"https:\/\/ritz.at7media.digital\/es\/contacto\/#primaryimage","url":"https:\/\/ritz.at7media.digital\/wp-content\/uploads\/Kontakt_intro_bild.webp","contentUrl":"https:\/\/ritz.at7media.digital\/wp-content\/uploads\/Kontakt_intro_bild.webp"},{"@type":"BreadcrumbList","@id":"https:\/\/ritz.at7media.digital\/es\/contacto\/#breadcrumb","itemListElement":[{"@type":"ListItem","position":1,"name":"Startseite","item":"https:\/\/ritz.at7media.digital\/es\/"},{"@type":"ListItem","position":2,"name":"Contacto"}]},{"@type":"WebSite","@id":"https:\/\/ritz.at7media.digital\/#website","url":"https:\/\/ritz.at7media.digital\/","name":"RITZ International","description":"Empowering Our Electrical Future","publisher":{"@id":"https:\/\/ritz.at7media.digital\/#organization"},"potentialAction":[{"@type":"SearchAction","target":{"@type":"EntryPoint","urlTemplate":"https:\/\/ritz.at7media.digital\/?s={search_term_string}"},"query-input":{"@type":"PropertyValueSpecification","valueRequired":true,"valueName":"search_term_string"}}],"inLanguage":"es"},{"@type":"Organization","@id":"https:\/\/ritz.at7media.digital\/#organization","name":"RITZ Instrument Transformers","url":"https:\/\/ritz.at7media.digital\/","logo":{"@type":"ImageObject","inLanguage":"es","@id":"https:\/\/ritz.at7media.digital\/#\/schema\/logo\/image\/","url":"https:\/\/ritz.at7media.digital\/wp-content\/uploads\/cropped-favicon-1-1.png","contentUrl":"https:\/\/ritz.at7media.digital\/wp-content\/uploads\/cropped-favicon-1-1.png","width":512,"height":512,"caption":"RITZ Instrument Transformers"},"image":{"@id":"https:\/\/ritz.at7media.digital\/#\/schema\/logo\/image\/"},"sameAs":["https:\/\/www.instagram.com\/ritz_instrument_transformers\/"]}]}},"publishpress_future_action":{"enabled":false,"date":"2026-04-15 13:25:34","action":"change-status","newStatus":"draft","terms":[],"taxonomy":"translation_priority","extraData":[]},"publishpress_future_workflow_manual_trigger":{"enabledWorkflows":[]},"_links":{"self":[{"href":"https:\/\/ritz.at7media.digital\/es\/wp-json\/wp\/v2\/pages\/5628","targetHints":{"allow":["GET"]}}],"collection":[{"href":"https:\/\/ritz.at7media.digital\/es\/wp-json\/wp\/v2\/pages"}],"about":[{"href":"https:\/\/ritz.at7media.digital\/es\/wp-json\/wp\/v2\/types\/page"}],"author":[{"embeddable":true,"href":"https:\/\/ritz.at7media.digital\/es\/wp-json\/wp\/v2\/users\/1"}],"replies":[{"embeddable":true,"href":"https:\/\/ritz.at7media.digital\/es\/wp-json\/wp\/v2\/comments?post=5628"}],"version-history":[{"count":16,"href":"https:\/\/ritz.at7media.digital\/es\/wp-json\/wp\/v2\/pages\/5628\/revisions"}],"predecessor-version":[{"id":14411,"href":"https:\/\/ritz.at7media.digital\/es\/wp-json\/wp\/v2\/pages\/5628\/revisions\/14411"}],"wp:attachment":[{"href":"https:\/\/ritz.at7media.digital\/es\/wp-json\/wp\/v2\/media?parent=5628"}],"curies":[{"name":"wp","href":"https:\/\/api.w.org\/{rel}","templated":true}]}}