{"id":5654,"date":"2023-02-09T10:08:13","date_gmt":"2023-02-09T09:08:13","guid":{"rendered":"https:\/\/ritz.at7media.digital\/portal-de-empleo\/"},"modified":"2024-09-24T17:37:15","modified_gmt":"2024-09-24T15:37:15","slug":"portal-de-empleo","status":"publish","type":"page","link":"https:\/\/ritz.at7media.digital\/es\/portal-de-empleo\/","title":{"rendered":"Portal de empleo"},"content":{"rendered":"\t\t<div data-elementor-type=\"wp-page\" data-elementor-id=\"5654\" class=\"elementor elementor-5654 elementor-1925\" data-elementor-post-type=\"page\">\n\t\t\t\t<div class=\"elementor-element elementor-element-7879c1a e-con-full e-flex e-con e-parent\" data-id=\"7879c1a\" data-element_type=\"container\" data-e-type=\"container\" data-settings=\"{&quot;jet_parallax_layout_list&quot;:[],&quot;background_background&quot;:&quot;slideshow&quot;,&quot;background_slideshow_gallery&quot;:[{&quot;id&quot;:1405,&quot;url&quot;:&quot;https:\\\/\\\/ritz.at7media.digital\\\/wp-content\\\/uploads\\\/2022\\\/11\\\/intro_home_slider_1.webp&quot;},{&quot;id&quot;:2787,&quot;url&quot;:&quot;https:\\\/\\\/ritz.at7media.digital\\\/wp-content\\\/uploads\\\/stellenangebote_intro_slider_2_Produktion.webp&quot;},{&quot;id&quot;:2790,&quot;url&quot;:&quot;https:\\\/\\\/ritz.at7media.digital\\\/wp-content\\\/uploads\\\/stellenangebote_intro_slider_5_Logistik.webp&quot;},{&quot;id&quot;:2789,&quot;url&quot;:&quot;https:\\\/\\\/ritz.at7media.digital\\\/wp-content\\\/uploads\\\/stellenangebote_intro_slider_4_International.webp&quot;},{&quot;id&quot;:1406,&quot;url&quot;:&quot;https:\\\/\\\/ritz.at7media.digital\\\/wp-content\\\/uploads\\\/2022\\\/11\\\/intro_home_slider_2.webp&quot;}],&quot;background_slideshow_ken_burns&quot;:&quot;yes&quot;,&quot;background_slideshow_loop&quot;:&quot;yes&quot;,&quot;background_slideshow_slide_duration&quot;:5000,&quot;background_slideshow_slide_transition&quot;:&quot;fade&quot;,&quot;background_slideshow_transition_duration&quot;:500,&quot;background_slideshow_ken_burns_zoom_direction&quot;:&quot;in&quot;}\">\n\t\t<div class=\"elementor-element elementor-element-a34efbe e-con-full e-flex e-con e-child\" data-id=\"a34efbe\" data-element_type=\"container\" data-e-type=\"container\" data-settings=\"{&quot;jet_parallax_layout_list&quot;:[]}\">\n\t\t\t\t<div class=\"elementor-element elementor-element-0e72603 elementor-widget elementor-widget-image\" data-id=\"0e72603\" data-element_type=\"widget\" data-e-type=\"widget\" data-widget_type=\"image.default\">\n\t\t\t\t<div class=\"elementor-widget-container\">\n\t\t\t\t\t\t\t\t\t\t\t\t\t\t\t\t<a href=\"#first-section\">\n\t\t\t\t\t\t\t<img fetchpriority=\"high\" decoding=\"async\" width=\"800\" height=\"566\" src=\"https:\/\/ritz.at7media.digital\/wp-content\/uploads\/arrow-red-RTZ-1024x724.png\" class=\"attachment-large size-large wp-image-5359\" alt=\"\" srcset=\"https:\/\/ritz.at7media.digital\/wp-content\/uploads\/arrow-red-RTZ-1024x724.png 1024w, https:\/\/ritz.at7media.digital\/wp-content\/uploads\/arrow-red-RTZ-300x212.png 300w, https:\/\/ritz.at7media.digital\/wp-content\/uploads\/arrow-red-RTZ-768x543.png 768w, https:\/\/ritz.at7media.digital\/wp-content\/uploads\/arrow-red-RTZ-1536x1086.png 1536w, https:\/\/ritz.at7media.digital\/wp-content\/uploads\/arrow-red-RTZ-2048x1448.png 2048w\" sizes=\"(max-width: 800px) 100vw, 800px\" \/>\t\t\t\t\t\t\t\t<\/a>\n\t\t\t\t\t\t\t\t\t\t\t\t\t\t\t<\/div>\n\t\t\t\t<\/div>\n\t\t\t\t<\/div>\n\t\t\t\t<\/div>\n\t\t\t\t<section class=\"elementor-section elementor-top-section elementor-element elementor-element-4d1bfc4 elementor-section-boxed elementor-section-height-default elementor-section-height-default\" data-id=\"4d1bfc4\" data-element_type=\"section\" data-e-type=\"section\" id=\"first-section\" data-settings=\"{&quot;jet_parallax_layout_list&quot;:[]}\">\n\t\t\t\t\t\t<div class=\"elementor-container elementor-column-gap-default\">\n\t\t\t\t\t<div class=\"elementor-column elementor-col-50 elementor-top-column elementor-element elementor-element-78aec64\" data-id=\"78aec64\" data-element_type=\"column\" data-e-type=\"column\">\n\t\t\t<div class=\"elementor-widget-wrap elementor-element-populated\">\n\t\t\t\t\t\t<div class=\"elementor-element elementor-element-3930a21 elementor-widget elementor-widget-pp-breadcrumbs\" data-id=\"3930a21\" data-element_type=\"widget\" data-e-type=\"widget\" data-settings=\"{&quot;breadcrumbs_type&quot;:&quot;powerpack&quot;}\" data-widget_type=\"pp-breadcrumbs.default\">\n\t\t\t\t<div class=\"elementor-widget-container\">\n\t\t\t\t\t<ul class=\"pp-breadcrumbs pp-breadcrumbs-powerpack\">\t\t<li class=\"pp-breadcrumbs-item pp-breadcrumbs-item-home\">\n\t\t\t<a class=\"pp-breadcrumbs-crumb pp-breadcrumbs-crumb-link pp-breadcrumbs-crumb-home\" href=\"https:\/\/ritz.at7media.digital\/es\/\" title=\"Home\">\n\t\t\t\t<span class=\"pp-breadcrumbs-text\">\n\t\t\t\t\t\t\t\t\t\tHome\t\t\t\t<\/span>\n\t\t\t<\/a>\n\t\t<\/li>\n\t\t<li class=\"pp-breadcrumbs-separator\">\t\t\t\t<span class='pp-separator-icon pp-icon'>\n\t\t\t\t\t<i aria-hidden=\"true\" class=\"fas fa-angle-right\"><\/i>\t\t\t\t<\/span>\n\t\t\t\t<\/li><\/ul>\t\t\t\t<\/div>\n\t\t\t\t<\/div>\n\t\t\t\t\t<\/div>\n\t\t<\/div>\n\t\t\t\t<div class=\"elementor-column elementor-col-50 elementor-top-column elementor-element elementor-element-9958c3b\" data-id=\"9958c3b\" data-element_type=\"column\" data-e-type=\"column\">\n\t\t\t<div class=\"elementor-widget-wrap\">\n\t\t\t\t\t\t\t<\/div>\n\t\t<\/div>\n\t\t\t\t\t<\/div>\n\t\t<\/section>\n\t\t\t\t<section class=\"elementor-section elementor-top-section elementor-element elementor-element-af75f5d elementor-section-boxed elementor-section-height-default elementor-section-height-default\" data-id=\"af75f5d\" data-element_type=\"section\" data-e-type=\"section\" data-settings=\"{&quot;jet_parallax_layout_list&quot;:[]}\">\n\t\t\t\t\t\t<div class=\"elementor-container elementor-column-gap-default\">\n\t\t\t\t\t<div class=\"elementor-column elementor-col-50 elementor-top-column elementor-element elementor-element-2e749d6\" data-id=\"2e749d6\" data-element_type=\"column\" data-e-type=\"column\">\n\t\t\t<div class=\"elementor-widget-wrap elementor-element-populated\">\n\t\t\t\t\t\t<div class=\"elementor-element elementor-element-9b7de03 elementor-widget elementor-widget-heading\" data-id=\"9b7de03\" data-element_type=\"widget\" data-e-type=\"widget\" data-widget_type=\"heading.default\">\n\t\t\t\t<div class=\"elementor-widget-container\">\n\t\t\t\t\t<h2 class=\"elementor-heading-title elementor-size-default\"><br> SIN DUDA UNA BUENA DECISI\u00d3N<\/h2>\t\t\t\t<\/div>\n\t\t\t\t<\/div>\n\t\t\t\t\t<\/div>\n\t\t<\/div>\n\t\t\t\t<div class=\"elementor-column elementor-col-50 elementor-top-column elementor-element elementor-element-2a27dc6\" data-id=\"2a27dc6\" data-element_type=\"column\" data-e-type=\"column\">\n\t\t\t<div class=\"elementor-widget-wrap\">\n\t\t\t\t\t\t\t<\/div>\n\t\t<\/div>\n\t\t\t\t\t<\/div>\n\t\t<\/section>\n\t\t\t\t<section class=\"elementor-section elementor-top-section elementor-element elementor-element-ce9461d elementor-section-boxed elementor-section-height-default elementor-section-height-default\" data-id=\"ce9461d\" data-element_type=\"section\" data-e-type=\"section\" data-settings=\"{&quot;jet_parallax_layout_list&quot;:[]}\">\n\t\t\t\t\t\t<div class=\"elementor-container elementor-column-gap-default\">\n\t\t\t\t\t<div class=\"elementor-column elementor-col-100 elementor-top-column elementor-element elementor-element-e49f3e6\" data-id=\"e49f3e6\" data-element_type=\"column\" data-e-type=\"column\">\n\t\t\t<div class=\"elementor-widget-wrap elementor-element-populated\">\n\t\t\t\t\t\t<div class=\"elementor-element elementor-element-dbfdcba elementor-widget elementor-widget-html\" data-id=\"dbfdcba\" data-element_type=\"widget\" data-e-type=\"widget\" data-widget_type=\"html.default\">\n\t\t\t\t<div class=\"elementor-widget-container\">\n\t\t\t\t\t<iframe id=\"personio-iframe\" sandbox=\"allow-scripts allow-forms allow-same-origin allow-popups\" style=\"border: none;\" src=\"https:\/\/ritz.jobs.personio.de\/\" width=\"100%\" onload=\"window.top.scrollTo(0,0);\"><\/iframe>\n  <script>\n    window.addEventListener('message', function(e) {\n      var iframe = document.querySelector('#personio-iframe');\n      var eventName = e.data[0];\n      var data = e.data[1];\n      if(eventName == 'setHeight') {\n        iframe.style.height = data + 'px';\n        window.scrollTo({ top: 0, behavior: 'smooth' });\n      }\n    }, false);\n  <\/script>\t\t\t\t<\/div>\n\t\t\t\t<\/div>\n\t\t\t\t\t<\/div>\n\t\t<\/div>\n\t\t\t\t\t<\/div>\n\t\t<\/section>\n\t\t\t\t<\/div>\n\t\t","protected":false},"excerpt":{"rendered":"<p>Home SIN DUDA UNA BUENA DECISI\u00d3N<\/p>\n","protected":false},"author":1,"featured_media":0,"parent":0,"menu_order":0,"comment_status":"closed","ping_status":"closed","template":"","meta":{"_acf_changed":false,"inline_featured_image":false,"footnotes":""},"class_list":["post-5654","page","type-page","status-publish","hentry"],"acf":[],"yoast_head":"<!-- This site is optimized with the Yoast SEO plugin v26.8 - https:\/\/yoast.com\/product\/yoast-seo-wordpress\/ -->\n<title>Portal de empleo - RITZ<\/title>\n<meta name=\"description\" content=\"Descubre una amplia gama de oportunidades profesionales en el portal de empleo de RITZ. Encuentra el trabajo de tus sue\u00f1os en la industria el\u00e9ctrica: desde pr\u00e1cticas hasta puestos directivos. Da forma al futuro de la tecnolog\u00eda energ\u00e9tica con nosotros.\" \/>\n<meta name=\"robots\" content=\"index, follow, max-snippet:-1, max-image-preview:large, max-video-preview:-1\" \/>\n<link rel=\"canonical\" href=\"https:\/\/ritz.at7media.digital\/es\/portal-de-empleo\/\" \/>\n<meta property=\"og:locale\" content=\"es_ES\" \/>\n<meta property=\"og:type\" content=\"article\" \/>\n<meta property=\"og:title\" content=\"Portal de empleo - RITZ\" \/>\n<meta property=\"og:description\" content=\"Descubre una amplia gama de oportunidades profesionales en el portal de empleo de RITZ. Encuentra el trabajo de tus sue\u00f1os en la industria el\u00e9ctrica: desde pr\u00e1cticas hasta puestos directivos. Da forma al futuro de la tecnolog\u00eda energ\u00e9tica con nosotros.\" \/>\n<meta property=\"og:url\" content=\"https:\/\/ritz.at7media.digital\/es\/portal-de-empleo\/\" \/>\n<meta property=\"og:site_name\" content=\"RITZ\" \/>\n<meta property=\"article:publisher\" content=\"https:\/\/www.instagram.com\/ritz_instrument_transformers\/\" \/>\n<meta property=\"article:modified_time\" content=\"2024-09-24T15:37:15+00:00\" \/>\n<meta property=\"og:image\" content=\"https:\/\/ritz.at7media.digital\/wp-content\/uploads\/arrow-red-RTZ-1024x724.png\" \/>\n<meta name=\"twitter:card\" content=\"summary_large_image\" \/>\n<script type=\"application\/ld+json\" class=\"yoast-schema-graph\">{\"@context\":\"https:\/\/schema.org\",\"@graph\":[{\"@type\":\"WebPage\",\"@id\":\"https:\/\/ritz.at7media.digital\/es\/portal-de-empleo\/\",\"url\":\"https:\/\/ritz.at7media.digital\/es\/portal-de-empleo\/\",\"name\":\"Portal de empleo - RITZ\",\"isPartOf\":{\"@id\":\"https:\/\/ritz.at7media.digital\/#website\"},\"primaryImageOfPage\":{\"@id\":\"https:\/\/ritz.at7media.digital\/es\/portal-de-empleo\/#primaryimage\"},\"image\":{\"@id\":\"https:\/\/ritz.at7media.digital\/es\/portal-de-empleo\/#primaryimage\"},\"thumbnailUrl\":\"https:\/\/ritz.at7media.digital\/wp-content\/uploads\/arrow-red-RTZ-1024x724.png\",\"datePublished\":\"2023-02-09T09:08:13+00:00\",\"dateModified\":\"2024-09-24T15:37:15+00:00\",\"description\":\"Descubre una amplia gama de oportunidades profesionales en el portal de empleo de RITZ. Encuentra el trabajo de tus sue\u00f1os en la industria el\u00e9ctrica: desde pr\u00e1cticas hasta puestos directivos. Da forma al futuro de la tecnolog\u00eda energ\u00e9tica con nosotros.\",\"breadcrumb\":{\"@id\":\"https:\/\/ritz.at7media.digital\/es\/portal-de-empleo\/#breadcrumb\"},\"inLanguage\":\"es\",\"potentialAction\":[{\"@type\":\"ReadAction\",\"target\":[\"https:\/\/ritz.at7media.digital\/es\/portal-de-empleo\/\"]}]},{\"@type\":\"ImageObject\",\"inLanguage\":\"es\",\"@id\":\"https:\/\/ritz.at7media.digital\/es\/portal-de-empleo\/#primaryimage\",\"url\":\"https:\/\/ritz.at7media.digital\/wp-content\/uploads\/arrow-red-RTZ-1024x724.png\",\"contentUrl\":\"https:\/\/ritz.at7media.digital\/wp-content\/uploads\/arrow-red-RTZ-1024x724.png\"},{\"@type\":\"BreadcrumbList\",\"@id\":\"https:\/\/ritz.at7media.digital\/es\/portal-de-empleo\/#breadcrumb\",\"itemListElement\":[{\"@type\":\"ListItem\",\"position\":1,\"name\":\"Startseite\",\"item\":\"https:\/\/ritz.at7media.digital\/es\/\"},{\"@type\":\"ListItem\",\"position\":2,\"name\":\"Portal de empleo\"}]},{\"@type\":\"WebSite\",\"@id\":\"https:\/\/ritz.at7media.digital\/#website\",\"url\":\"https:\/\/ritz.at7media.digital\/\",\"name\":\"RITZ International\",\"description\":\"Empowering Our Electrical Future\",\"publisher\":{\"@id\":\"https:\/\/ritz.at7media.digital\/#organization\"},\"potentialAction\":[{\"@type\":\"SearchAction\",\"target\":{\"@type\":\"EntryPoint\",\"urlTemplate\":\"https:\/\/ritz.at7media.digital\/?s={search_term_string}\"},\"query-input\":{\"@type\":\"PropertyValueSpecification\",\"valueRequired\":true,\"valueName\":\"search_term_string\"}}],\"inLanguage\":\"es\"},{\"@type\":\"Organization\",\"@id\":\"https:\/\/ritz.at7media.digital\/#organization\",\"name\":\"RITZ Instrument Transformers\",\"url\":\"https:\/\/ritz.at7media.digital\/\",\"logo\":{\"@type\":\"ImageObject\",\"inLanguage\":\"es\",\"@id\":\"https:\/\/ritz.at7media.digital\/#\/schema\/logo\/image\/\",\"url\":\"https:\/\/ritz.at7media.digital\/wp-content\/uploads\/cropped-favicon-1-1.png\",\"contentUrl\":\"https:\/\/ritz.at7media.digital\/wp-content\/uploads\/cropped-favicon-1-1.png\",\"width\":512,\"height\":512,\"caption\":\"RITZ Instrument Transformers\"},\"image\":{\"@id\":\"https:\/\/ritz.at7media.digital\/#\/schema\/logo\/image\/\"},\"sameAs\":[\"https:\/\/www.instagram.com\/ritz_instrument_transformers\/\"]}]}<\/script>\n<!-- \/ Yoast SEO plugin. -->","yoast_head_json":{"title":"Portal de empleo - RITZ","description":"Descubre una amplia gama de oportunidades profesionales en el portal de empleo de RITZ. Encuentra el trabajo de tus sue\u00f1os en la industria el\u00e9ctrica: desde pr\u00e1cticas hasta puestos directivos. Da forma al futuro de la tecnolog\u00eda energ\u00e9tica con nosotros.","robots":{"index":"index","follow":"follow","max-snippet":"max-snippet:-1","max-image-preview":"max-image-preview:large","max-video-preview":"max-video-preview:-1"},"canonical":"https:\/\/ritz.at7media.digital\/es\/portal-de-empleo\/","og_locale":"es_ES","og_type":"article","og_title":"Portal de empleo - RITZ","og_description":"Descubre una amplia gama de oportunidades profesionales en el portal de empleo de RITZ. Encuentra el trabajo de tus sue\u00f1os en la industria el\u00e9ctrica: desde pr\u00e1cticas hasta puestos directivos. Da forma al futuro de la tecnolog\u00eda energ\u00e9tica con nosotros.","og_url":"https:\/\/ritz.at7media.digital\/es\/portal-de-empleo\/","og_site_name":"RITZ","article_publisher":"https:\/\/www.instagram.com\/ritz_instrument_transformers\/","article_modified_time":"2024-09-24T15:37:15+00:00","og_image":[{"url":"https:\/\/ritz.at7media.digital\/wp-content\/uploads\/arrow-red-RTZ-1024x724.png","type":"","width":"","height":""}],"twitter_card":"summary_large_image","schema":{"@context":"https:\/\/schema.org","@graph":[{"@type":"WebPage","@id":"https:\/\/ritz.at7media.digital\/es\/portal-de-empleo\/","url":"https:\/\/ritz.at7media.digital\/es\/portal-de-empleo\/","name":"Portal de empleo - RITZ","isPartOf":{"@id":"https:\/\/ritz.at7media.digital\/#website"},"primaryImageOfPage":{"@id":"https:\/\/ritz.at7media.digital\/es\/portal-de-empleo\/#primaryimage"},"image":{"@id":"https:\/\/ritz.at7media.digital\/es\/portal-de-empleo\/#primaryimage"},"thumbnailUrl":"https:\/\/ritz.at7media.digital\/wp-content\/uploads\/arrow-red-RTZ-1024x724.png","datePublished":"2023-02-09T09:08:13+00:00","dateModified":"2024-09-24T15:37:15+00:00","description":"Descubre una amplia gama de oportunidades profesionales en el portal de empleo de RITZ. Encuentra el trabajo de tus sue\u00f1os en la industria el\u00e9ctrica: desde pr\u00e1cticas hasta puestos directivos. Da forma al futuro de la tecnolog\u00eda energ\u00e9tica con nosotros.","breadcrumb":{"@id":"https:\/\/ritz.at7media.digital\/es\/portal-de-empleo\/#breadcrumb"},"inLanguage":"es","potentialAction":[{"@type":"ReadAction","target":["https:\/\/ritz.at7media.digital\/es\/portal-de-empleo\/"]}]},{"@type":"ImageObject","inLanguage":"es","@id":"https:\/\/ritz.at7media.digital\/es\/portal-de-empleo\/#primaryimage","url":"https:\/\/ritz.at7media.digital\/wp-content\/uploads\/arrow-red-RTZ-1024x724.png","contentUrl":"https:\/\/ritz.at7media.digital\/wp-content\/uploads\/arrow-red-RTZ-1024x724.png"},{"@type":"BreadcrumbList","@id":"https:\/\/ritz.at7media.digital\/es\/portal-de-empleo\/#breadcrumb","itemListElement":[{"@type":"ListItem","position":1,"name":"Startseite","item":"https:\/\/ritz.at7media.digital\/es\/"},{"@type":"ListItem","position":2,"name":"Portal de empleo"}]},{"@type":"WebSite","@id":"https:\/\/ritz.at7media.digital\/#website","url":"https:\/\/ritz.at7media.digital\/","name":"RITZ International","description":"Empowering Our Electrical Future","publisher":{"@id":"https:\/\/ritz.at7media.digital\/#organization"},"potentialAction":[{"@type":"SearchAction","target":{"@type":"EntryPoint","urlTemplate":"https:\/\/ritz.at7media.digital\/?s={search_term_string}"},"query-input":{"@type":"PropertyValueSpecification","valueRequired":true,"valueName":"search_term_string"}}],"inLanguage":"es"},{"@type":"Organization","@id":"https:\/\/ritz.at7media.digital\/#organization","name":"RITZ Instrument Transformers","url":"https:\/\/ritz.at7media.digital\/","logo":{"@type":"ImageObject","inLanguage":"es","@id":"https:\/\/ritz.at7media.digital\/#\/schema\/logo\/image\/","url":"https:\/\/ritz.at7media.digital\/wp-content\/uploads\/cropped-favicon-1-1.png","contentUrl":"https:\/\/ritz.at7media.digital\/wp-content\/uploads\/cropped-favicon-1-1.png","width":512,"height":512,"caption":"RITZ Instrument Transformers"},"image":{"@id":"https:\/\/ritz.at7media.digital\/#\/schema\/logo\/image\/"},"sameAs":["https:\/\/www.instagram.com\/ritz_instrument_transformers\/"]}]}},"publishpress_future_action":{"enabled":false,"date":"2026-04-15 13:25:46","action":"change-status","newStatus":"draft","terms":[],"taxonomy":"translation_priority","extraData":[]},"publishpress_future_workflow_manual_trigger":{"enabledWorkflows":[]},"_links":{"self":[{"href":"https:\/\/ritz.at7media.digital\/es\/wp-json\/wp\/v2\/pages\/5654","targetHints":{"allow":["GET"]}}],"collection":[{"href":"https:\/\/ritz.at7media.digital\/es\/wp-json\/wp\/v2\/pages"}],"about":[{"href":"https:\/\/ritz.at7media.digital\/es\/wp-json\/wp\/v2\/types\/page"}],"author":[{"embeddable":true,"href":"https:\/\/ritz.at7media.digital\/es\/wp-json\/wp\/v2\/users\/1"}],"replies":[{"embeddable":true,"href":"https:\/\/ritz.at7media.digital\/es\/wp-json\/wp\/v2\/comments?post=5654"}],"version-history":[{"count":36,"href":"https:\/\/ritz.at7media.digital\/es\/wp-json\/wp\/v2\/pages\/5654\/revisions"}],"predecessor-version":[{"id":14340,"href":"https:\/\/ritz.at7media.digital\/es\/wp-json\/wp\/v2\/pages\/5654\/revisions\/14340"}],"wp:attachment":[{"href":"https:\/\/ritz.at7media.digital\/es\/wp-json\/wp\/v2\/media?parent=5654"}],"curies":[{"name":"wp","href":"https:\/\/api.w.org\/{rel}","templated":true}]}}