{"id":5575,"date":"2022-08-19T11:52:43","date_gmt":"2022-08-19T09:52:43","guid":{"rendered":"https:\/\/ritz.at7media.digital\/actualites\/"},"modified":"2024-10-25T16:32:04","modified_gmt":"2024-10-25T14:32:04","slug":"actualites","status":"publish","type":"page","link":"https:\/\/ritz.at7media.digital\/fr\/actualites\/","title":{"rendered":"Actualit\u00e9s"},"content":{"rendered":"","protected":false},"excerpt":{"rendered":"","protected":false},"author":1,"featured_media":0,"parent":0,"menu_order":0,"comment_status":"closed","ping_status":"closed","template":"","meta":{"_acf_changed":false,"inline_featured_image":false,"footnotes":""},"class_list":["post-5575","page","type-page","status-publish","hentry"],"acf":[],"yoast_head":"<!-- This site is optimized with the Yoast SEO plugin v26.8 - https:\/\/yoast.com\/product\/yoast-seo-wordpress\/ -->\n<title>Actualit\u00e9s - RITZ<\/title>\n<meta name=\"description\" content=\"Tenez-vous au courant de l&#039;actualit\u00e9 de RITZ Instrument Transformers. Apprenez-en plus sur nos derniers d\u00e9veloppements, nos participations aux salons et nos r\u00e9compenses dans le domaine des transformateurs de mesure et de la technique \u00e9nerg\u00e9tique.\" \/>\n<meta name=\"robots\" content=\"index, follow, max-snippet:-1, max-image-preview:large, max-video-preview:-1\" \/>\n<link rel=\"canonical\" href=\"https:\/\/ritz.at7media.digital\/fr\/actualites\/\" \/>\n<meta property=\"og:locale\" content=\"fr_FR\" \/>\n<meta property=\"og:type\" content=\"article\" \/>\n<meta property=\"og:title\" content=\"Actualit\u00e9s - RITZ\" \/>\n<meta property=\"og:description\" content=\"Tenez-vous au courant de l&#039;actualit\u00e9 de RITZ Instrument Transformers. Apprenez-en plus sur nos derniers d\u00e9veloppements, nos participations aux salons et nos r\u00e9compenses dans le domaine des transformateurs de mesure et de la technique \u00e9nerg\u00e9tique.\" \/>\n<meta property=\"og:url\" content=\"https:\/\/ritz.at7media.digital\/fr\/actualites\/\" \/>\n<meta property=\"og:site_name\" content=\"RITZ\" \/>\n<meta property=\"article:publisher\" content=\"https:\/\/www.instagram.com\/ritz_instrument_transformers\/\" \/>\n<meta property=\"article:modified_time\" content=\"2024-10-25T14:32:04+00:00\" \/>\n<meta name=\"twitter:card\" content=\"summary_large_image\" \/>\n<script type=\"application\/ld+json\" class=\"yoast-schema-graph\">{\"@context\":\"https:\/\/schema.org\",\"@graph\":[{\"@type\":\"WebPage\",\"@id\":\"https:\/\/ritz.at7media.digital\/fr\/actualites\/\",\"url\":\"https:\/\/ritz.at7media.digital\/fr\/actualites\/\",\"name\":\"Actualit\u00e9s - RITZ\",\"isPartOf\":{\"@id\":\"https:\/\/ritz.at7media.digital\/#website\"},\"datePublished\":\"2022-08-19T09:52:43+00:00\",\"dateModified\":\"2024-10-25T14:32:04+00:00\",\"description\":\"Tenez-vous au courant de l'actualit\u00e9 de RITZ Instrument Transformers. Apprenez-en plus sur nos derniers d\u00e9veloppements, nos participations aux salons et nos r\u00e9compenses dans le domaine des transformateurs de mesure et de la technique \u00e9nerg\u00e9tique.\",\"breadcrumb\":{\"@id\":\"https:\/\/ritz.at7media.digital\/fr\/actualites\/#breadcrumb\"},\"inLanguage\":\"fr-FR\",\"potentialAction\":[{\"@type\":\"ReadAction\",\"target\":[\"https:\/\/ritz.at7media.digital\/fr\/actualites\/\"]}]},{\"@type\":\"BreadcrumbList\",\"@id\":\"https:\/\/ritz.at7media.digital\/fr\/actualites\/#breadcrumb\",\"itemListElement\":[{\"@type\":\"ListItem\",\"position\":1,\"name\":\"Startseite\",\"item\":\"https:\/\/ritz.at7media.digital\/fr\/\"},{\"@type\":\"ListItem\",\"position\":2,\"name\":\"Actualit\u00e9s\"}]},{\"@type\":\"WebSite\",\"@id\":\"https:\/\/ritz.at7media.digital\/#website\",\"url\":\"https:\/\/ritz.at7media.digital\/\",\"name\":\"RITZ International\",\"description\":\"Empowering Our Electrical Future\",\"publisher\":{\"@id\":\"https:\/\/ritz.at7media.digital\/#organization\"},\"potentialAction\":[{\"@type\":\"SearchAction\",\"target\":{\"@type\":\"EntryPoint\",\"urlTemplate\":\"https:\/\/ritz.at7media.digital\/?s={search_term_string}\"},\"query-input\":{\"@type\":\"PropertyValueSpecification\",\"valueRequired\":true,\"valueName\":\"search_term_string\"}}],\"inLanguage\":\"fr-FR\"},{\"@type\":\"Organization\",\"@id\":\"https:\/\/ritz.at7media.digital\/#organization\",\"name\":\"RITZ Instrument Transformers\",\"url\":\"https:\/\/ritz.at7media.digital\/\",\"logo\":{\"@type\":\"ImageObject\",\"inLanguage\":\"fr-FR\",\"@id\":\"https:\/\/ritz.at7media.digital\/#\/schema\/logo\/image\/\",\"url\":\"https:\/\/ritz.at7media.digital\/wp-content\/uploads\/cropped-favicon-1-1.png\",\"contentUrl\":\"https:\/\/ritz.at7media.digital\/wp-content\/uploads\/cropped-favicon-1-1.png\",\"width\":512,\"height\":512,\"caption\":\"RITZ Instrument Transformers\"},\"image\":{\"@id\":\"https:\/\/ritz.at7media.digital\/#\/schema\/logo\/image\/\"},\"sameAs\":[\"https:\/\/www.instagram.com\/ritz_instrument_transformers\/\"]}]}<\/script>\n<!-- \/ Yoast SEO plugin. -->","yoast_head_json":{"title":"Actualit\u00e9s - RITZ","description":"Tenez-vous au courant de l'actualit\u00e9 de RITZ Instrument Transformers. Apprenez-en plus sur nos derniers d\u00e9veloppements, nos participations aux salons et nos r\u00e9compenses dans le domaine des transformateurs de mesure et de la technique \u00e9nerg\u00e9tique.","robots":{"index":"index","follow":"follow","max-snippet":"max-snippet:-1","max-image-preview":"max-image-preview:large","max-video-preview":"max-video-preview:-1"},"canonical":"https:\/\/ritz.at7media.digital\/fr\/actualites\/","og_locale":"fr_FR","og_type":"article","og_title":"Actualit\u00e9s - RITZ","og_description":"Tenez-vous au courant de l'actualit\u00e9 de RITZ Instrument Transformers. Apprenez-en plus sur nos derniers d\u00e9veloppements, nos participations aux salons et nos r\u00e9compenses dans le domaine des transformateurs de mesure et de la technique \u00e9nerg\u00e9tique.","og_url":"https:\/\/ritz.at7media.digital\/fr\/actualites\/","og_site_name":"RITZ","article_publisher":"https:\/\/www.instagram.com\/ritz_instrument_transformers\/","article_modified_time":"2024-10-25T14:32:04+00:00","twitter_card":"summary_large_image","schema":{"@context":"https:\/\/schema.org","@graph":[{"@type":"WebPage","@id":"https:\/\/ritz.at7media.digital\/fr\/actualites\/","url":"https:\/\/ritz.at7media.digital\/fr\/actualites\/","name":"Actualit\u00e9s - RITZ","isPartOf":{"@id":"https:\/\/ritz.at7media.digital\/#website"},"datePublished":"2022-08-19T09:52:43+00:00","dateModified":"2024-10-25T14:32:04+00:00","description":"Tenez-vous au courant de l'actualit\u00e9 de RITZ Instrument Transformers. Apprenez-en plus sur nos derniers d\u00e9veloppements, nos participations aux salons et nos r\u00e9compenses dans le domaine des transformateurs de mesure et de la technique \u00e9nerg\u00e9tique.","breadcrumb":{"@id":"https:\/\/ritz.at7media.digital\/fr\/actualites\/#breadcrumb"},"inLanguage":"fr-FR","potentialAction":[{"@type":"ReadAction","target":["https:\/\/ritz.at7media.digital\/fr\/actualites\/"]}]},{"@type":"BreadcrumbList","@id":"https:\/\/ritz.at7media.digital\/fr\/actualites\/#breadcrumb","itemListElement":[{"@type":"ListItem","position":1,"name":"Startseite","item":"https:\/\/ritz.at7media.digital\/fr\/"},{"@type":"ListItem","position":2,"name":"Actualit\u00e9s"}]},{"@type":"WebSite","@id":"https:\/\/ritz.at7media.digital\/#website","url":"https:\/\/ritz.at7media.digital\/","name":"RITZ International","description":"Empowering Our Electrical Future","publisher":{"@id":"https:\/\/ritz.at7media.digital\/#organization"},"potentialAction":[{"@type":"SearchAction","target":{"@type":"EntryPoint","urlTemplate":"https:\/\/ritz.at7media.digital\/?s={search_term_string}"},"query-input":{"@type":"PropertyValueSpecification","valueRequired":true,"valueName":"search_term_string"}}],"inLanguage":"fr-FR"},{"@type":"Organization","@id":"https:\/\/ritz.at7media.digital\/#organization","name":"RITZ Instrument Transformers","url":"https:\/\/ritz.at7media.digital\/","logo":{"@type":"ImageObject","inLanguage":"fr-FR","@id":"https:\/\/ritz.at7media.digital\/#\/schema\/logo\/image\/","url":"https:\/\/ritz.at7media.digital\/wp-content\/uploads\/cropped-favicon-1-1.png","contentUrl":"https:\/\/ritz.at7media.digital\/wp-content\/uploads\/cropped-favicon-1-1.png","width":512,"height":512,"caption":"RITZ Instrument Transformers"},"image":{"@id":"https:\/\/ritz.at7media.digital\/#\/schema\/logo\/image\/"},"sameAs":["https:\/\/www.instagram.com\/ritz_instrument_transformers\/"]}]}},"publishpress_future_action":{"enabled":false,"date":"2026-04-19 13:41:58","action":"change-status","newStatus":"draft","terms":[],"taxonomy":"translation_priority","extraData":[]},"publishpress_future_workflow_manual_trigger":{"enabledWorkflows":[]},"_links":{"self":[{"href":"https:\/\/ritz.at7media.digital\/fr\/wp-json\/wp\/v2\/pages\/5575","targetHints":{"allow":["GET"]}}],"collection":[{"href":"https:\/\/ritz.at7media.digital\/fr\/wp-json\/wp\/v2\/pages"}],"about":[{"href":"https:\/\/ritz.at7media.digital\/fr\/wp-json\/wp\/v2\/types\/page"}],"author":[{"embeddable":true,"href":"https:\/\/ritz.at7media.digital\/fr\/wp-json\/wp\/v2\/users\/1"}],"replies":[{"embeddable":true,"href":"https:\/\/ritz.at7media.digital\/fr\/wp-json\/wp\/v2\/comments?post=5575"}],"version-history":[{"count":4,"href":"https:\/\/ritz.at7media.digital\/fr\/wp-json\/wp\/v2\/pages\/5575\/revisions"}],"predecessor-version":[{"id":14306,"href":"https:\/\/ritz.at7media.digital\/fr\/wp-json\/wp\/v2\/pages\/5575\/revisions\/14306"}],"wp:attachment":[{"href":"https:\/\/ritz.at7media.digital\/fr\/wp-json\/wp\/v2\/media?parent=5575"}],"curies":[{"name":"wp","href":"https:\/\/api.w.org\/{rel}","templated":true}]}}