{"id":5503,"date":"2022-07-11T12:17:55","date_gmt":"2022-07-11T10:17:55","guid":{"rendered":"https:\/\/ritz.at7media.digital\/a-vallalat\/hivatkozasok\/"},"modified":"2024-03-26T17:21:47","modified_gmt":"2024-03-26T16:21:47","slug":"hivatkozasok","status":"publish","type":"page","link":"https:\/\/ritz.at7media.digital\/hu\/a-vallalat\/hivatkozasok\/","title":{"rendered":"Hivatkoz\u00e1sok"},"content":{"rendered":"\t\t<div data-elementor-type=\"wp-page\" data-elementor-id=\"5503\" class=\"elementor elementor-5503 elementor-519\" data-elementor-post-type=\"page\">\n\t\t\t\t\t\t<section class=\"elementor-section elementor-top-section elementor-element elementor-element-fec968e elementor-section-boxed elementor-section-height-default elementor-section-height-default\" data-id=\"fec968e\" data-element_type=\"section\" data-e-type=\"section\" data-settings=\"{&quot;jet_parallax_layout_list&quot;:[]}\">\n\t\t\t\t\t\t<div class=\"elementor-container elementor-column-gap-default\">\n\t\t\t\t\t<div class=\"elementor-column elementor-col-50 elementor-top-column elementor-element elementor-element-91018d3\" data-id=\"91018d3\" data-element_type=\"column\" data-e-type=\"column\">\n\t\t\t<div class=\"elementor-widget-wrap elementor-element-populated\">\n\t\t\t\t\t\t<div class=\"elementor-element elementor-element-36d2d88 elementor-widget elementor-widget-pp-breadcrumbs\" data-id=\"36d2d88\" data-element_type=\"widget\" data-e-type=\"widget\" data-settings=\"{&quot;breadcrumbs_type&quot;:&quot;powerpack&quot;}\" data-widget_type=\"pp-breadcrumbs.default\">\n\t\t\t\t<div class=\"elementor-widget-container\">\n\t\t\t\t\t<ul class=\"pp-breadcrumbs pp-breadcrumbs-powerpack\">\t\t<li class=\"pp-breadcrumbs-item pp-breadcrumbs-item-home\">\n\t\t\t<a class=\"pp-breadcrumbs-crumb pp-breadcrumbs-crumb-link pp-breadcrumbs-crumb-home\" href=\"https:\/\/ritz.at7media.digital\/hu\/\" title=\"Kezd\u0151oldal\">\n\t\t\t\t<span class=\"pp-breadcrumbs-text\">\n\t\t\t\t\t\t\t\t\t\tKezd\u0151oldal\t\t\t\t<\/span>\n\t\t\t<\/a>\n\t\t<\/li>\n\t\t<li class=\"pp-breadcrumbs-separator\">\t\t\t\t<span class='pp-separator-icon pp-icon'>\n\t\t\t\t\t<i aria-hidden=\"true\" class=\"fas fa-angle-right\"><\/i>\t\t\t\t<\/span>\n\t\t\t\t<\/li><\/ul>\t\t\t\t<\/div>\n\t\t\t\t<\/div>\n\t\t\t\t\t<\/div>\n\t\t<\/div>\n\t\t\t\t<div class=\"elementor-column elementor-col-50 elementor-top-column elementor-element elementor-element-77396ff\" data-id=\"77396ff\" data-element_type=\"column\" data-e-type=\"column\">\n\t\t\t<div class=\"elementor-widget-wrap\">\n\t\t\t\t\t\t\t<\/div>\n\t\t<\/div>\n\t\t\t\t\t<\/div>\n\t\t<\/section>\n\t\t\t\t<section class=\"elementor-section elementor-top-section elementor-element elementor-element-efef300 elementor-section-boxed elementor-section-height-default elementor-section-height-default\" data-id=\"efef300\" data-element_type=\"section\" data-e-type=\"section\" data-settings=\"{&quot;jet_parallax_layout_list&quot;:[]}\">\n\t\t\t\t\t\t<div class=\"elementor-container elementor-column-gap-default\">\n\t\t\t\t\t<div class=\"elementor-column elementor-col-50 elementor-top-column elementor-element elementor-element-8c0ebdf\" data-id=\"8c0ebdf\" data-element_type=\"column\" data-e-type=\"column\">\n\t\t\t<div class=\"elementor-widget-wrap elementor-element-populated\">\n\t\t\t\t\t\t<div class=\"elementor-element elementor-element-26d87c8 elementor-widget elementor-widget-heading\" data-id=\"26d87c8\" data-element_type=\"widget\" data-e-type=\"widget\" data-widget_type=\"heading.default\">\n\t\t\t\t<div class=\"elementor-widget-container\">\n\t\t\t\t\t<h2 class=\"elementor-heading-title elementor-size-default\">Els\u0151 oszt\u00e1ly\u00fa  <br>\nterm\u00e9kek a <br>\nneves \u00fcgyfelek sz\u00e1m\u00e1ra.<\/h2>\t\t\t\t<\/div>\n\t\t\t\t<\/div>\n\t\t\t\t<div class=\"elementor-element elementor-element-395ae72 elementor-widget elementor-widget-text-editor\" data-id=\"395ae72\" data-element_type=\"widget\" data-e-type=\"widget\" data-widget_type=\"text-editor.default\">\n\t\t\t\t<div class=\"elementor-widget-container\">\n\t\t\t\t\t\t\t\t\t<p class=\"p1\"><span class=\"s1\"><b>A v\u00e1llalati siker m\u00e9rc\u00e9je.<\/b><\/span> \u00dcgyfeleink el\u00e9gedetts\u00e9ge a legfontosabb sz\u00e1munkra. Az \u00e9vtizedek \u00f3ta fenntartott intenz\u00edv \u00fcgyf\u00e9lkapcsolataink term\u00e9keink kiv\u00e1l\u00f3 min\u0151s\u00e9g\u00e9r\u0151l, a magas szint\u0171 szaktan\u00e1csad\u00e1si szak\u00e9rtelemr\u0151l \u00e9s a j\u00f3 m\u0171szaki t\u00e1mogat\u00e1sr\u00f3l besz\u00e9lnek. <span class=\"Apple-converted-space\"> <\/span><\/p>\n<p class=\"p1\">Sz\u00edvesen bemutatunk \u00d6nnek r\u00e9szletes esettanulm\u00e1nyokat egy szem\u00e9lyes tal\u00e1lkoz\u00f3 keret\u00e9ben. Vegye fel vel\u00fcnk a kapcsolatot \u00e9s egyeztessen id\u0151pontot.<span class=\"Apple-converted-space\"> <\/span><\/p>\n\t\t\t\t\t\t\t\t<\/div>\n\t\t\t\t<\/div>\n\t\t\t\t\t<\/div>\n\t\t<\/div>\n\t\t\t\t<div class=\"elementor-column elementor-col-50 elementor-top-column elementor-element elementor-element-d950e38\" data-id=\"d950e38\" data-element_type=\"column\" data-e-type=\"column\">\n\t\t\t<div class=\"elementor-widget-wrap elementor-element-populated\">\n\t\t\t\t\t\t<div class=\"elementor-element elementor-element-c51a4a4 elementor-widget elementor-widget-image\" data-id=\"c51a4a4\" data-element_type=\"widget\" data-e-type=\"widget\" data-widget_type=\"image.default\">\n\t\t\t\t<div class=\"elementor-widget-container\">\n\t\t\t\t\t\t\t\t\t\t\t\t\t\t\t<img fetchpriority=\"high\" decoding=\"async\" width=\"561\" height=\"561\" src=\"https:\/\/ritz.at7media.digital\/wp-content\/uploads\/2022\/07\/unternehmen_referenzen_1.jpg\" class=\"attachment-large size-large wp-image-3958\" alt=\"\" srcset=\"https:\/\/ritz.at7media.digital\/wp-content\/uploads\/2022\/07\/unternehmen_referenzen_1.jpg 561w, https:\/\/ritz.at7media.digital\/wp-content\/uploads\/2022\/07\/unternehmen_referenzen_1-300x300.jpg 300w, https:\/\/ritz.at7media.digital\/wp-content\/uploads\/2022\/07\/unternehmen_referenzen_1-150x150.jpg 150w\" sizes=\"(max-width: 561px) 100vw, 561px\" \/>\t\t\t\t\t\t\t\t\t\t\t\t\t\t\t<\/div>\n\t\t\t\t<\/div>\n\t\t\t\t\t<\/div>\n\t\t<\/div>\n\t\t\t\t\t<\/div>\n\t\t<\/section>\n\t\t\t\t<\/div>\n\t\t","protected":false},"excerpt":{"rendered":"<p>Kezd\u0151oldal Els\u0151 oszt\u00e1ly\u00fa term\u00e9kek a neves \u00fcgyfelek sz\u00e1m\u00e1ra. A v\u00e1llalati siker m\u00e9rc\u00e9je. \u00dcgyfeleink el\u00e9gedetts\u00e9ge a legfontosabb sz\u00e1munkra. Az \u00e9vtizedek \u00f3ta fenntartott intenz\u00edv \u00fcgyf\u00e9lkapcsolataink term\u00e9keink kiv\u00e1l\u00f3 min\u0151s\u00e9g\u00e9r\u0151l, a magas szint\u0171 szaktan\u00e1csad\u00e1si szak\u00e9rtelemr\u0151l \u00e9s a j\u00f3 m\u0171szaki t\u00e1mogat\u00e1sr\u00f3l besz\u00e9lnek. Sz\u00edvesen bemutatunk \u00d6nnek r\u00e9szletes esettanulm\u00e1nyokat egy szem\u00e9lyes tal\u00e1lkoz\u00f3 keret\u00e9ben. Vegye fel vel\u00fcnk a kapcsolatot \u00e9s egyeztessen id\u0151pontot.<\/p>\n","protected":false},"author":1,"featured_media":0,"parent":5478,"menu_order":3,"comment_status":"closed","ping_status":"closed","template":"","meta":{"_acf_changed":false,"inline_featured_image":false,"footnotes":""},"class_list":["post-5503","page","type-page","status-publish","hentry"],"acf":[],"yoast_head":"<!-- This site is optimized with the Yoast SEO plugin v26.8 - https:\/\/yoast.com\/product\/yoast-seo-wordpress\/ -->\n<title>Hivatkoz\u00e1sok - RITZ<\/title>\n<meta name=\"robots\" content=\"index, follow, max-snippet:-1, max-image-preview:large, max-video-preview:-1\" \/>\n<link rel=\"canonical\" href=\"https:\/\/ritz.at7media.digital\/en\/company\/references\/\" \/>\n<meta property=\"og:locale\" content=\"hu_HU\" \/>\n<meta property=\"og:type\" content=\"article\" \/>\n<meta property=\"og:title\" content=\"Hivatkoz\u00e1sok - RITZ\" \/>\n<meta property=\"og:description\" content=\"Kezd\u0151oldal Els\u0151 oszt\u00e1ly\u00fa term\u00e9kek a neves \u00fcgyfelek sz\u00e1m\u00e1ra. A v\u00e1llalati siker m\u00e9rc\u00e9je. \u00dcgyfeleink el\u00e9gedetts\u00e9ge a legfontosabb sz\u00e1munkra. Az \u00e9vtizedek \u00f3ta fenntartott intenz\u00edv \u00fcgyf\u00e9lkapcsolataink term\u00e9keink kiv\u00e1l\u00f3 min\u0151s\u00e9g\u00e9r\u0151l, a magas szint\u0171 szaktan\u00e1csad\u00e1si szak\u00e9rtelemr\u0151l \u00e9s a j\u00f3 m\u0171szaki t\u00e1mogat\u00e1sr\u00f3l besz\u00e9lnek. Sz\u00edvesen bemutatunk \u00d6nnek r\u00e9szletes esettanulm\u00e1nyokat egy szem\u00e9lyes tal\u00e1lkoz\u00f3 keret\u00e9ben. Vegye fel vel\u00fcnk a kapcsolatot \u00e9s egyeztessen id\u0151pontot.\" \/>\n<meta property=\"og:url\" content=\"https:\/\/ritz.at7media.digital\/en\/company\/references\/\" \/>\n<meta property=\"og:site_name\" content=\"RITZ\" \/>\n<meta property=\"article:publisher\" content=\"https:\/\/www.instagram.com\/ritz_instrument_transformers\/\" \/>\n<meta property=\"article:modified_time\" content=\"2024-03-26T16:21:47+00:00\" \/>\n<meta property=\"og:image\" content=\"https:\/\/ritz.at7media.digital\/wp-content\/uploads\/2022\/07\/unternehmen_referenzen_1.jpg\" \/>\n<meta name=\"twitter:card\" content=\"summary_large_image\" \/>\n<script type=\"application\/ld+json\" class=\"yoast-schema-graph\">{\"@context\":\"https:\/\/schema.org\",\"@graph\":[{\"@type\":\"WebPage\",\"@id\":\"https:\/\/ritz.at7media.digital\/en\/company\/references\/\",\"url\":\"https:\/\/ritz.at7media.digital\/en\/company\/references\/\",\"name\":\"Hivatkoz\u00e1sok - RITZ\",\"isPartOf\":{\"@id\":\"https:\/\/ritz.at7media.digital\/#website\"},\"primaryImageOfPage\":{\"@id\":\"https:\/\/ritz.at7media.digital\/en\/company\/references\/#primaryimage\"},\"image\":{\"@id\":\"https:\/\/ritz.at7media.digital\/en\/company\/references\/#primaryimage\"},\"thumbnailUrl\":\"https:\/\/ritz.at7media.digital\/wp-content\/uploads\/2022\/07\/unternehmen_referenzen_1.jpg\",\"datePublished\":\"2022-07-11T10:17:55+00:00\",\"dateModified\":\"2024-03-26T16:21:47+00:00\",\"breadcrumb\":{\"@id\":\"https:\/\/ritz.at7media.digital\/en\/company\/references\/#breadcrumb\"},\"inLanguage\":\"hu\",\"potentialAction\":[{\"@type\":\"ReadAction\",\"target\":[\"https:\/\/ritz.at7media.digital\/en\/company\/references\/\"]}]},{\"@type\":\"ImageObject\",\"inLanguage\":\"hu\",\"@id\":\"https:\/\/ritz.at7media.digital\/en\/company\/references\/#primaryimage\",\"url\":\"https:\/\/ritz.at7media.digital\/wp-content\/uploads\/2022\/07\/unternehmen_referenzen_1.jpg\",\"contentUrl\":\"https:\/\/ritz.at7media.digital\/wp-content\/uploads\/2022\/07\/unternehmen_referenzen_1.jpg\"},{\"@type\":\"BreadcrumbList\",\"@id\":\"https:\/\/ritz.at7media.digital\/en\/company\/references\/#breadcrumb\",\"itemListElement\":[{\"@type\":\"ListItem\",\"position\":1,\"name\":\"Startseite\",\"item\":\"https:\/\/ritz.at7media.digital\/hu\/kezdooldal\/\"},{\"@type\":\"ListItem\",\"position\":2,\"name\":\"V\u00e1llalat\",\"item\":\"https:\/\/ritz.at7media.digital\/en\/company\/\"},{\"@type\":\"ListItem\",\"position\":3,\"name\":\"Hivatkoz\u00e1sok\"}]},{\"@type\":\"WebSite\",\"@id\":\"https:\/\/ritz.at7media.digital\/#website\",\"url\":\"https:\/\/ritz.at7media.digital\/\",\"name\":\"RITZ International\",\"description\":\"Empowering Our Electrical Future\",\"publisher\":{\"@id\":\"https:\/\/ritz.at7media.digital\/#organization\"},\"potentialAction\":[{\"@type\":\"SearchAction\",\"target\":{\"@type\":\"EntryPoint\",\"urlTemplate\":\"https:\/\/ritz.at7media.digital\/?s={search_term_string}\"},\"query-input\":{\"@type\":\"PropertyValueSpecification\",\"valueRequired\":true,\"valueName\":\"search_term_string\"}}],\"inLanguage\":\"hu\"},{\"@type\":\"Organization\",\"@id\":\"https:\/\/ritz.at7media.digital\/#organization\",\"name\":\"RITZ Instrument Transformers\",\"url\":\"https:\/\/ritz.at7media.digital\/\",\"logo\":{\"@type\":\"ImageObject\",\"inLanguage\":\"hu\",\"@id\":\"https:\/\/ritz.at7media.digital\/#\/schema\/logo\/image\/\",\"url\":\"https:\/\/ritz.at7media.digital\/wp-content\/uploads\/cropped-favicon-1-1.png\",\"contentUrl\":\"https:\/\/ritz.at7media.digital\/wp-content\/uploads\/cropped-favicon-1-1.png\",\"width\":512,\"height\":512,\"caption\":\"RITZ Instrument Transformers\"},\"image\":{\"@id\":\"https:\/\/ritz.at7media.digital\/#\/schema\/logo\/image\/\"},\"sameAs\":[\"https:\/\/www.instagram.com\/ritz_instrument_transformers\/\"]}]}<\/script>\n<!-- \/ Yoast SEO plugin. -->","yoast_head_json":{"title":"Hivatkoz\u00e1sok - RITZ","robots":{"index":"index","follow":"follow","max-snippet":"max-snippet:-1","max-image-preview":"max-image-preview:large","max-video-preview":"max-video-preview:-1"},"canonical":"https:\/\/ritz.at7media.digital\/en\/company\/references\/","og_locale":"hu_HU","og_type":"article","og_title":"Hivatkoz\u00e1sok - RITZ","og_description":"Kezd\u0151oldal Els\u0151 oszt\u00e1ly\u00fa term\u00e9kek a neves \u00fcgyfelek sz\u00e1m\u00e1ra. A v\u00e1llalati siker m\u00e9rc\u00e9je. \u00dcgyfeleink el\u00e9gedetts\u00e9ge a legfontosabb sz\u00e1munkra. Az \u00e9vtizedek \u00f3ta fenntartott intenz\u00edv \u00fcgyf\u00e9lkapcsolataink term\u00e9keink kiv\u00e1l\u00f3 min\u0151s\u00e9g\u00e9r\u0151l, a magas szint\u0171 szaktan\u00e1csad\u00e1si szak\u00e9rtelemr\u0151l \u00e9s a j\u00f3 m\u0171szaki t\u00e1mogat\u00e1sr\u00f3l besz\u00e9lnek. Sz\u00edvesen bemutatunk \u00d6nnek r\u00e9szletes esettanulm\u00e1nyokat egy szem\u00e9lyes tal\u00e1lkoz\u00f3 keret\u00e9ben. Vegye fel vel\u00fcnk a kapcsolatot \u00e9s egyeztessen id\u0151pontot.","og_url":"https:\/\/ritz.at7media.digital\/en\/company\/references\/","og_site_name":"RITZ","article_publisher":"https:\/\/www.instagram.com\/ritz_instrument_transformers\/","article_modified_time":"2024-03-26T16:21:47+00:00","og_image":[{"url":"https:\/\/ritz.at7media.digital\/wp-content\/uploads\/2022\/07\/unternehmen_referenzen_1.jpg","type":"","width":"","height":""}],"twitter_card":"summary_large_image","schema":{"@context":"https:\/\/schema.org","@graph":[{"@type":"WebPage","@id":"https:\/\/ritz.at7media.digital\/en\/company\/references\/","url":"https:\/\/ritz.at7media.digital\/en\/company\/references\/","name":"Hivatkoz\u00e1sok - RITZ","isPartOf":{"@id":"https:\/\/ritz.at7media.digital\/#website"},"primaryImageOfPage":{"@id":"https:\/\/ritz.at7media.digital\/en\/company\/references\/#primaryimage"},"image":{"@id":"https:\/\/ritz.at7media.digital\/en\/company\/references\/#primaryimage"},"thumbnailUrl":"https:\/\/ritz.at7media.digital\/wp-content\/uploads\/2022\/07\/unternehmen_referenzen_1.jpg","datePublished":"2022-07-11T10:17:55+00:00","dateModified":"2024-03-26T16:21:47+00:00","breadcrumb":{"@id":"https:\/\/ritz.at7media.digital\/en\/company\/references\/#breadcrumb"},"inLanguage":"hu","potentialAction":[{"@type":"ReadAction","target":["https:\/\/ritz.at7media.digital\/en\/company\/references\/"]}]},{"@type":"ImageObject","inLanguage":"hu","@id":"https:\/\/ritz.at7media.digital\/en\/company\/references\/#primaryimage","url":"https:\/\/ritz.at7media.digital\/wp-content\/uploads\/2022\/07\/unternehmen_referenzen_1.jpg","contentUrl":"https:\/\/ritz.at7media.digital\/wp-content\/uploads\/2022\/07\/unternehmen_referenzen_1.jpg"},{"@type":"BreadcrumbList","@id":"https:\/\/ritz.at7media.digital\/en\/company\/references\/#breadcrumb","itemListElement":[{"@type":"ListItem","position":1,"name":"Startseite","item":"https:\/\/ritz.at7media.digital\/hu\/kezdooldal\/"},{"@type":"ListItem","position":2,"name":"V\u00e1llalat","item":"https:\/\/ritz.at7media.digital\/en\/company\/"},{"@type":"ListItem","position":3,"name":"Hivatkoz\u00e1sok"}]},{"@type":"WebSite","@id":"https:\/\/ritz.at7media.digital\/#website","url":"https:\/\/ritz.at7media.digital\/","name":"RITZ International","description":"Empowering Our Electrical Future","publisher":{"@id":"https:\/\/ritz.at7media.digital\/#organization"},"potentialAction":[{"@type":"SearchAction","target":{"@type":"EntryPoint","urlTemplate":"https:\/\/ritz.at7media.digital\/?s={search_term_string}"},"query-input":{"@type":"PropertyValueSpecification","valueRequired":true,"valueName":"search_term_string"}}],"inLanguage":"hu"},{"@type":"Organization","@id":"https:\/\/ritz.at7media.digital\/#organization","name":"RITZ Instrument Transformers","url":"https:\/\/ritz.at7media.digital\/","logo":{"@type":"ImageObject","inLanguage":"hu","@id":"https:\/\/ritz.at7media.digital\/#\/schema\/logo\/image\/","url":"https:\/\/ritz.at7media.digital\/wp-content\/uploads\/cropped-favicon-1-1.png","contentUrl":"https:\/\/ritz.at7media.digital\/wp-content\/uploads\/cropped-favicon-1-1.png","width":512,"height":512,"caption":"RITZ Instrument Transformers"},"image":{"@id":"https:\/\/ritz.at7media.digital\/#\/schema\/logo\/image\/"},"sameAs":["https:\/\/www.instagram.com\/ritz_instrument_transformers\/"]}]}},"publishpress_future_action":{"enabled":false,"date":"2026-04-19 11:12:38","action":"change-status","newStatus":"draft","terms":[],"taxonomy":"translation_priority","extraData":[]},"publishpress_future_workflow_manual_trigger":{"enabledWorkflows":[]},"_links":{"self":[{"href":"https:\/\/ritz.at7media.digital\/hu\/wp-json\/wp\/v2\/pages\/5503","targetHints":{"allow":["GET"]}}],"collection":[{"href":"https:\/\/ritz.at7media.digital\/hu\/wp-json\/wp\/v2\/pages"}],"about":[{"href":"https:\/\/ritz.at7media.digital\/hu\/wp-json\/wp\/v2\/types\/page"}],"author":[{"embeddable":true,"href":"https:\/\/ritz.at7media.digital\/hu\/wp-json\/wp\/v2\/users\/1"}],"replies":[{"embeddable":true,"href":"https:\/\/ritz.at7media.digital\/hu\/wp-json\/wp\/v2\/comments?post=5503"}],"version-history":[{"count":14,"href":"https:\/\/ritz.at7media.digital\/hu\/wp-json\/wp\/v2\/pages\/5503\/revisions"}],"predecessor-version":[{"id":12287,"href":"https:\/\/ritz.at7media.digital\/hu\/wp-json\/wp\/v2\/pages\/5503\/revisions\/12287"}],"up":[{"embeddable":true,"href":"https:\/\/ritz.at7media.digital\/hu\/wp-json\/wp\/v2\/pages\/5478"}],"wp:attachment":[{"href":"https:\/\/ritz.at7media.digital\/hu\/wp-json\/wp\/v2\/media?parent=5503"}],"curies":[{"name":"wp","href":"https:\/\/api.w.org\/{rel}","templated":true}]}}