{"id":5578,"date":"2022-08-19T11:52:43","date_gmt":"2022-08-19T09:52:43","guid":{"rendered":"https:\/\/ritz.at7media.digital\/legfrissebb-hirek\/"},"modified":"2024-09-24T13:23:47","modified_gmt":"2024-09-24T11:23:47","slug":"legfrissebb-hirek","status":"publish","type":"page","link":"https:\/\/ritz.at7media.digital\/hu\/legfrissebb-hirek\/","title":{"rendered":"Legfrissebb h\u00edrek"},"content":{"rendered":"","protected":false},"excerpt":{"rendered":"","protected":false},"author":1,"featured_media":0,"parent":0,"menu_order":0,"comment_status":"closed","ping_status":"closed","template":"","meta":{"_acf_changed":false,"inline_featured_image":false,"footnotes":""},"class_list":["post-5578","page","type-page","status-publish","hentry"],"acf":[],"yoast_head":"<!-- This site is optimized with the Yoast SEO plugin v26.8 - https:\/\/yoast.com\/product\/yoast-seo-wordpress\/ -->\n<title>Legfrissebb h\u00edrek - RITZ<\/title>\n<meta name=\"description\" content=\"Maradjon naprak\u00e9sz a RITZ m\u0171szeres transzform\u00e1torokkal kapcsolatban. Tudjon meg t\u00f6bbet leg\u00fajabb fejleszt\u00e9seinkr\u0151l, v\u00e1s\u00e1ron val\u00f3 r\u00e9szv\u00e9tel\u00fcnkr\u0151l \u00e9s d\u00edjainkr\u00f3l a m\u0171szeres transzform\u00e1tor- \u00e9s energiatechnol\u00f3gia ter\u00fclet\u00e9n.\" \/>\n<meta name=\"robots\" content=\"index, follow, max-snippet:-1, max-image-preview:large, max-video-preview:-1\" \/>\n<link rel=\"canonical\" href=\"https:\/\/ritz.at7media.digital\/hu\/legfrissebb-hirek\/\" \/>\n<meta property=\"og:locale\" content=\"hu_HU\" \/>\n<meta property=\"og:type\" content=\"article\" \/>\n<meta property=\"og:title\" content=\"Legfrissebb h\u00edrek - RITZ\" \/>\n<meta property=\"og:description\" content=\"Maradjon naprak\u00e9sz a RITZ m\u0171szeres transzform\u00e1torokkal kapcsolatban. Tudjon meg t\u00f6bbet leg\u00fajabb fejleszt\u00e9seinkr\u0151l, v\u00e1s\u00e1ron val\u00f3 r\u00e9szv\u00e9tel\u00fcnkr\u0151l \u00e9s d\u00edjainkr\u00f3l a m\u0171szeres transzform\u00e1tor- \u00e9s energiatechnol\u00f3gia ter\u00fclet\u00e9n.\" \/>\n<meta property=\"og:url\" content=\"https:\/\/ritz.at7media.digital\/hu\/legfrissebb-hirek\/\" \/>\n<meta property=\"og:site_name\" content=\"RITZ\" \/>\n<meta property=\"article:publisher\" content=\"https:\/\/www.instagram.com\/ritz_instrument_transformers\/\" \/>\n<meta property=\"article:modified_time\" content=\"2024-09-24T11:23:47+00:00\" \/>\n<meta name=\"twitter:card\" content=\"summary_large_image\" \/>\n<script type=\"application\/ld+json\" class=\"yoast-schema-graph\">{\"@context\":\"https:\/\/schema.org\",\"@graph\":[{\"@type\":\"WebPage\",\"@id\":\"https:\/\/ritz.at7media.digital\/hu\/legfrissebb-hirek\/\",\"url\":\"https:\/\/ritz.at7media.digital\/hu\/legfrissebb-hirek\/\",\"name\":\"Legfrissebb h\u00edrek - RITZ\",\"isPartOf\":{\"@id\":\"https:\/\/ritz.at7media.digital\/#website\"},\"datePublished\":\"2022-08-19T09:52:43+00:00\",\"dateModified\":\"2024-09-24T11:23:47+00:00\",\"description\":\"Maradjon naprak\u00e9sz a RITZ m\u0171szeres transzform\u00e1torokkal kapcsolatban. Tudjon meg t\u00f6bbet leg\u00fajabb fejleszt\u00e9seinkr\u0151l, v\u00e1s\u00e1ron val\u00f3 r\u00e9szv\u00e9tel\u00fcnkr\u0151l \u00e9s d\u00edjainkr\u00f3l a m\u0171szeres transzform\u00e1tor- \u00e9s energiatechnol\u00f3gia ter\u00fclet\u00e9n.\",\"breadcrumb\":{\"@id\":\"https:\/\/ritz.at7media.digital\/hu\/legfrissebb-hirek\/#breadcrumb\"},\"inLanguage\":\"hu\",\"potentialAction\":[{\"@type\":\"ReadAction\",\"target\":[\"https:\/\/ritz.at7media.digital\/hu\/legfrissebb-hirek\/\"]}]},{\"@type\":\"BreadcrumbList\",\"@id\":\"https:\/\/ritz.at7media.digital\/hu\/legfrissebb-hirek\/#breadcrumb\",\"itemListElement\":[{\"@type\":\"ListItem\",\"position\":1,\"name\":\"Startseite\",\"item\":\"https:\/\/ritz.at7media.digital\/hu\/kezdooldal\/\"},{\"@type\":\"ListItem\",\"position\":2,\"name\":\"Legfrissebb h\u00edrek\"}]},{\"@type\":\"WebSite\",\"@id\":\"https:\/\/ritz.at7media.digital\/#website\",\"url\":\"https:\/\/ritz.at7media.digital\/\",\"name\":\"RITZ International\",\"description\":\"Empowering Our Electrical Future\",\"publisher\":{\"@id\":\"https:\/\/ritz.at7media.digital\/#organization\"},\"potentialAction\":[{\"@type\":\"SearchAction\",\"target\":{\"@type\":\"EntryPoint\",\"urlTemplate\":\"https:\/\/ritz.at7media.digital\/?s={search_term_string}\"},\"query-input\":{\"@type\":\"PropertyValueSpecification\",\"valueRequired\":true,\"valueName\":\"search_term_string\"}}],\"inLanguage\":\"hu\"},{\"@type\":\"Organization\",\"@id\":\"https:\/\/ritz.at7media.digital\/#organization\",\"name\":\"RITZ Instrument Transformers\",\"url\":\"https:\/\/ritz.at7media.digital\/\",\"logo\":{\"@type\":\"ImageObject\",\"inLanguage\":\"hu\",\"@id\":\"https:\/\/ritz.at7media.digital\/#\/schema\/logo\/image\/\",\"url\":\"https:\/\/ritz.at7media.digital\/wp-content\/uploads\/cropped-favicon-1-1.png\",\"contentUrl\":\"https:\/\/ritz.at7media.digital\/wp-content\/uploads\/cropped-favicon-1-1.png\",\"width\":512,\"height\":512,\"caption\":\"RITZ Instrument Transformers\"},\"image\":{\"@id\":\"https:\/\/ritz.at7media.digital\/#\/schema\/logo\/image\/\"},\"sameAs\":[\"https:\/\/www.instagram.com\/ritz_instrument_transformers\/\"]}]}<\/script>\n<!-- \/ Yoast SEO plugin. -->","yoast_head_json":{"title":"Legfrissebb h\u00edrek - RITZ","description":"Maradjon naprak\u00e9sz a RITZ m\u0171szeres transzform\u00e1torokkal kapcsolatban. Tudjon meg t\u00f6bbet leg\u00fajabb fejleszt\u00e9seinkr\u0151l, v\u00e1s\u00e1ron val\u00f3 r\u00e9szv\u00e9tel\u00fcnkr\u0151l \u00e9s d\u00edjainkr\u00f3l a m\u0171szeres transzform\u00e1tor- \u00e9s energiatechnol\u00f3gia ter\u00fclet\u00e9n.","robots":{"index":"index","follow":"follow","max-snippet":"max-snippet:-1","max-image-preview":"max-image-preview:large","max-video-preview":"max-video-preview:-1"},"canonical":"https:\/\/ritz.at7media.digital\/hu\/legfrissebb-hirek\/","og_locale":"hu_HU","og_type":"article","og_title":"Legfrissebb h\u00edrek - RITZ","og_description":"Maradjon naprak\u00e9sz a RITZ m\u0171szeres transzform\u00e1torokkal kapcsolatban. Tudjon meg t\u00f6bbet leg\u00fajabb fejleszt\u00e9seinkr\u0151l, v\u00e1s\u00e1ron val\u00f3 r\u00e9szv\u00e9tel\u00fcnkr\u0151l \u00e9s d\u00edjainkr\u00f3l a m\u0171szeres transzform\u00e1tor- \u00e9s energiatechnol\u00f3gia ter\u00fclet\u00e9n.","og_url":"https:\/\/ritz.at7media.digital\/hu\/legfrissebb-hirek\/","og_site_name":"RITZ","article_publisher":"https:\/\/www.instagram.com\/ritz_instrument_transformers\/","article_modified_time":"2024-09-24T11:23:47+00:00","twitter_card":"summary_large_image","schema":{"@context":"https:\/\/schema.org","@graph":[{"@type":"WebPage","@id":"https:\/\/ritz.at7media.digital\/hu\/legfrissebb-hirek\/","url":"https:\/\/ritz.at7media.digital\/hu\/legfrissebb-hirek\/","name":"Legfrissebb h\u00edrek - RITZ","isPartOf":{"@id":"https:\/\/ritz.at7media.digital\/#website"},"datePublished":"2022-08-19T09:52:43+00:00","dateModified":"2024-09-24T11:23:47+00:00","description":"Maradjon naprak\u00e9sz a RITZ m\u0171szeres transzform\u00e1torokkal kapcsolatban. Tudjon meg t\u00f6bbet leg\u00fajabb fejleszt\u00e9seinkr\u0151l, v\u00e1s\u00e1ron val\u00f3 r\u00e9szv\u00e9tel\u00fcnkr\u0151l \u00e9s d\u00edjainkr\u00f3l a m\u0171szeres transzform\u00e1tor- \u00e9s energiatechnol\u00f3gia ter\u00fclet\u00e9n.","breadcrumb":{"@id":"https:\/\/ritz.at7media.digital\/hu\/legfrissebb-hirek\/#breadcrumb"},"inLanguage":"hu","potentialAction":[{"@type":"ReadAction","target":["https:\/\/ritz.at7media.digital\/hu\/legfrissebb-hirek\/"]}]},{"@type":"BreadcrumbList","@id":"https:\/\/ritz.at7media.digital\/hu\/legfrissebb-hirek\/#breadcrumb","itemListElement":[{"@type":"ListItem","position":1,"name":"Startseite","item":"https:\/\/ritz.at7media.digital\/hu\/kezdooldal\/"},{"@type":"ListItem","position":2,"name":"Legfrissebb h\u00edrek"}]},{"@type":"WebSite","@id":"https:\/\/ritz.at7media.digital\/#website","url":"https:\/\/ritz.at7media.digital\/","name":"RITZ International","description":"Empowering Our Electrical Future","publisher":{"@id":"https:\/\/ritz.at7media.digital\/#organization"},"potentialAction":[{"@type":"SearchAction","target":{"@type":"EntryPoint","urlTemplate":"https:\/\/ritz.at7media.digital\/?s={search_term_string}"},"query-input":{"@type":"PropertyValueSpecification","valueRequired":true,"valueName":"search_term_string"}}],"inLanguage":"hu"},{"@type":"Organization","@id":"https:\/\/ritz.at7media.digital\/#organization","name":"RITZ Instrument Transformers","url":"https:\/\/ritz.at7media.digital\/","logo":{"@type":"ImageObject","inLanguage":"hu","@id":"https:\/\/ritz.at7media.digital\/#\/schema\/logo\/image\/","url":"https:\/\/ritz.at7media.digital\/wp-content\/uploads\/cropped-favicon-1-1.png","contentUrl":"https:\/\/ritz.at7media.digital\/wp-content\/uploads\/cropped-favicon-1-1.png","width":512,"height":512,"caption":"RITZ Instrument Transformers"},"image":{"@id":"https:\/\/ritz.at7media.digital\/#\/schema\/logo\/image\/"},"sameAs":["https:\/\/www.instagram.com\/ritz_instrument_transformers\/"]}]}},"publishpress_future_action":{"enabled":false,"date":"2026-04-15 17:38:32","action":"change-status","newStatus":"draft","terms":[],"taxonomy":"translation_priority","extraData":[]},"publishpress_future_workflow_manual_trigger":{"enabledWorkflows":[]},"_links":{"self":[{"href":"https:\/\/ritz.at7media.digital\/hu\/wp-json\/wp\/v2\/pages\/5578","targetHints":{"allow":["GET"]}}],"collection":[{"href":"https:\/\/ritz.at7media.digital\/hu\/wp-json\/wp\/v2\/pages"}],"about":[{"href":"https:\/\/ritz.at7media.digital\/hu\/wp-json\/wp\/v2\/types\/page"}],"author":[{"embeddable":true,"href":"https:\/\/ritz.at7media.digital\/hu\/wp-json\/wp\/v2\/users\/1"}],"replies":[{"embeddable":true,"href":"https:\/\/ritz.at7media.digital\/hu\/wp-json\/wp\/v2\/comments?post=5578"}],"version-history":[{"count":4,"href":"https:\/\/ritz.at7media.digital\/hu\/wp-json\/wp\/v2\/pages\/5578\/revisions"}],"predecessor-version":[{"id":14307,"href":"https:\/\/ritz.at7media.digital\/hu\/wp-json\/wp\/v2\/pages\/5578\/revisions\/14307"}],"wp:attachment":[{"href":"https:\/\/ritz.at7media.digital\/hu\/wp-json\/wp\/v2\/media?parent=5578"}],"curies":[{"name":"wp","href":"https:\/\/api.w.org\/{rel}","templated":true}]}}