{"id":5715,"date":"2023-02-28T15:41:23","date_gmt":"2023-02-28T14:41:23","guid":{"rendered":"https:\/\/ritz.at7media.digital\/impresszum\/"},"modified":"2024-03-11T10:22:57","modified_gmt":"2024-03-11T09:22:57","slug":"impresszum","status":"publish","type":"page","link":"https:\/\/ritz.at7media.digital\/hu\/impresszum\/","title":{"rendered":"Impresszum"},"content":{"rendered":"\t\t<div data-elementor-type=\"wp-page\" data-elementor-id=\"5715\" class=\"elementor elementor-5715 elementor-2017\" data-elementor-post-type=\"page\">\n\t\t\t\t\t\t<section class=\"elementor-section elementor-top-section elementor-element elementor-element-e4cf929 elementor-section-boxed elementor-section-height-default elementor-section-height-default\" data-id=\"e4cf929\" data-element_type=\"section\" data-e-type=\"section\" data-settings=\"{&quot;jet_parallax_layout_list&quot;:[]}\">\n\t\t\t\t\t\t<div class=\"elementor-container elementor-column-gap-default\">\n\t\t\t\t\t<div class=\"elementor-column elementor-col-50 elementor-top-column elementor-element elementor-element-442462b\" data-id=\"442462b\" data-element_type=\"column\" data-e-type=\"column\">\n\t\t\t<div class=\"elementor-widget-wrap\">\n\t\t\t\t\t\t\t<\/div>\n\t\t<\/div>\n\t\t\t\t<div class=\"elementor-column elementor-col-50 elementor-top-column elementor-element elementor-element-d3762c9\" data-id=\"d3762c9\" data-element_type=\"column\" data-e-type=\"column\">\n\t\t\t<div class=\"elementor-widget-wrap\">\n\t\t\t\t\t\t\t<\/div>\n\t\t<\/div>\n\t\t\t\t\t<\/div>\n\t\t<\/section>\n\t\t\t\t<section class=\"elementor-section elementor-top-section elementor-element elementor-element-6a9d361 elementor-section-boxed elementor-section-height-default elementor-section-height-default\" data-id=\"6a9d361\" data-element_type=\"section\" data-e-type=\"section\" data-settings=\"{&quot;jet_parallax_layout_list&quot;:[]}\">\n\t\t\t\t\t\t<div class=\"elementor-container elementor-column-gap-default\">\n\t\t\t\t\t<div class=\"elementor-column elementor-col-100 elementor-top-column elementor-element elementor-element-b7a11a3\" data-id=\"b7a11a3\" data-element_type=\"column\" data-e-type=\"column\">\n\t\t\t<div class=\"elementor-widget-wrap elementor-element-populated\">\n\t\t\t\t\t\t<div class=\"elementor-element elementor-element-257a69f elementor-widget elementor-widget-heading\" data-id=\"257a69f\" data-element_type=\"widget\" data-e-type=\"widget\" data-widget_type=\"heading.default\">\n\t\t\t\t<div class=\"elementor-widget-container\">\n\t\t\t\t\t<h2 class=\"elementor-heading-title elementor-size-default\">RITZ impresszum<\/h2>\t\t\t\t<\/div>\n\t\t\t\t<\/div>\n\t\t\t\t<div class=\"elementor-element elementor-element-a612486 elementor-widget elementor-widget-text-editor\" data-id=\"a612486\" data-element_type=\"widget\" data-e-type=\"widget\" data-widget_type=\"text-editor.default\">\n\t\t\t\t<div class=\"elementor-widget-container\">\n\t\t\t\t\t\t\t\t\t<p><strong>RITZ Instrument Transformers GmbH<\/strong><br \/>Wandsbeker Zollstra&szlig;e 92-98<br \/>22041 Hamburg<br \/>Tel.: +49 40 51123 &ndash; 0<br \/>Fax: +49 40 51123 &ndash; 322<br \/>E-mail:&nbsp;<a href=\"mailto:info@ritz.at7media.digital\">info@ritz.at7media.digital<\/a><br \/>Internet:&nbsp;<a href=\"https:\/\/ritz.at7media.digital\/\">www.ritz-international.com<\/a><\/p>\n<p><strong>Megb&iacute;zott &uuml;gyvezet\u0151 igazgat&oacute;:<\/strong><br \/>prof. Dr. Ingmar Grambow, Dr. Andreas Grambow, Dr. Christian Henze<\/p>\n<p><strong>C&eacute;gb&iacute;r&oacute;s&aacute;g:<\/strong><br \/>Hamburgi helyi b&iacute;r&oacute;s&aacute;g<\/p>\n<p><strong>Nyilv&aacute;ntart&aacute;si sz&aacute;m:<\/strong><br \/>HR B 102486<\/p>\n<p><strong>Uni&oacute;s ad&oacute;sz&aacute;m a forgalmi ad&oacute;r&oacute;l sz&oacute;l&oacute; t&ouml;rv&eacute;ny 27a. \u00a7-a szerint:<\/strong><br \/>DE&nbsp;140&nbsp;211&nbsp;002<\/p>\n<p><strong>Ad&oacute;azonos&iacute;t&oacute;:<\/strong><br \/>51\/780\/04184<\/p>\n<p><strong>Az RStV 55. szakasz 2. \u00a7-a szerinti felel\u0151s szem&eacute;ly: Jogi nyilatkozat:<\/strong><br \/>A tartalom gondos ellen\u0151rz&eacute;se ellen&eacute;re nem v&aacute;llalunk felel\u0151ss&eacute;get a k&uuml;ls\u0151 hivatkoz&aacute;sok tartalm&aacute;&eacute;rt. A hivatkozott oldalak tartalm&aacute;&eacute;rt kiz&aacute;r&oacute;lag a hivatkozott oldalak &uuml;zemeltet\u0151i felel\u0151sek.<\/p>\n<p><strong>Koncepci&oacute;, tervez&eacute;s &eacute;s megval&oacute;s&iacute;t&aacute;s:<\/strong><br \/>SERIOUS GmbH<br \/>Jungfernstieg 38<br \/>20354 Hamburg<br \/>Internet: <span style=\"color: var( --e-global-color-070a8dd ); font-family: var( --e-global-typography-text-font-family ), Sans-serif; font-size: var( --e-global-typography-text-font-size ); font-weight: var( --e-global-typography-text-font-weight );\"><a href=\"https:\/\/www.serious.de\/de\/\">www.serious.de<\/a><br \/><\/span><\/p>\n<p><span style=\"color: var( --e-global-color-070a8dd ); font-family: var( --e-global-typography-text-font-family ), Sans-serif; font-size: var( --e-global-typography-text-font-size ); font-weight: var( --e-global-typography-text-font-weight );\">&nbsp;<\/span><\/p>\n<div>\n<h2>JOGI TUDNIVAL&Oacute;K<\/h2>\n<\/div>\n<div>\n<h3>Tartalom&eacute;rt v&aacute;llalt felel\u0151ss&eacute;g<\/h3>\n<div>\n<p>Weboldalunk tartalm&aacute;t a legnagyobb gondoss&aacute;ggal &aacute;ll&iacute;tottuk &ouml;ssze. A tartalom pontoss&aacute;g&aacute;&eacute;rt, teljess&eacute;g&eacute;&eacute;rt &eacute;s aktualit&aacute;s&aacute;&eacute;rt azonban nem tudunk felel\u0151ss&eacute;get v&aacute;llalni.<\/p>\n<p>Szolg&aacute;ltat&oacute;k&eacute;nt a TMG (n&eacute;met telem&eacute;diat&ouml;rv&eacute;ny) 7.&nbsp;\u00a7 (1) bekezd&eacute;se &eacute;s az &aacute;ltal&aacute;nos jogszab&aacute;lyok &eacute;rtelm&eacute;ben mi magunk vagyunk felel\u0151sek az oldalakon tal&aacute;lhat&oacute; tartalmak&eacute;rt. A TMG 8&ndash;10.&nbsp;\u00a7-ai szerint azonban szolg&aacute;ltat&oacute;k&eacute;nt nem vagyunk k&ouml;telesek az &aacute;tvitt vagy t&aacute;rolt, harmadik f&eacute;lt\u0151l sz&aacute;rmaz&oacute; inform&aacute;ci&oacute;kat ellen\u0151rizni, illetve a jogellenes tev&eacute;kenys&eacute;gre utal&oacute; k&ouml;r&uuml;lm&eacute;nyeket kivizsg&aacute;lni. Az &aacute;ltal&aacute;nos jogszab&aacute;lyok szerinti, az inform&aacute;ci&oacute;k elt&aacute;vol&iacute;t&aacute;s&aacute;ra vagy haszn&aacute;lat&aacute;nak megakad&aacute;lyoz&aacute;s&aacute;ra vonatkoz&oacute; k&ouml;telezetts&eacute;gek ett\u0151l f&uuml;ggetlen&uuml;l fennmaradnak. Az ezzel kapcsolatos felel\u0151ss&eacute;gre von&aacute;s azonban csak a konkr&eacute;t jogs&eacute;rt&eacute;sr\u0151l val&oacute; tudom&aacute;sszerz&eacute;st\u0151l kezdve lehets&eacute;ges. Amint tudom&aacute;st szerz&uuml;nk az ilyen jogs&eacute;rt&eacute;sekr\u0151l, azonnal elt&aacute;vol&iacute;tjuk ezt a tartalmat.<\/p>\n<\/div>\n<\/div>\n<div>\n<h3>Felel\u0151ss&eacute;g a hivatkoz&aacute;sok&eacute;rt<\/h3>\n<div>\n<p>Weboldalunk k&uuml;ls\u0151, harmadik felek weboldalaira mutat&oacute; hivatkoz&aacute;sokat tartalmaz, amelyek tartalm&aacute;ra nincs befoly&aacute;sunk. Ez&eacute;rt nem tudunk felel\u0151ss&eacute;get v&aacute;llalni a k&uuml;ls\u0151 tartalmak&eacute;rt. A hivatkozott oldalak tartalm&aacute;&eacute;rt mindig a mindenkori szolg&aacute;ltat&oacute; vagy az oldalak &uuml;zemeltet\u0151je a felel\u0151s. A hivatkozott oldalakat a hivatkoz&aacute;s id\u0151pontj&aacute;ban ellen\u0151rizt&uuml;k az esetleges t&ouml;rv&eacute;nys&eacute;rt&eacute;sek szempontj&aacute;b&oacute;l. Jogellenes tartalom a hivatkoz&aacute;s id\u0151pontj&aacute;ban nem volt felismerhet\u0151. A hivatkozott oldalak tartalm&aacute;nak &aacute;lland&oacute; ellen\u0151rz&eacute;se azonban nem &eacute;szszer\u0171 a jogs&eacute;rt&eacute;s konkr&eacute;t bizony&iacute;t&eacute;ka n&eacute;lk&uuml;l. Amennyiben jogszab&aacute;lys&eacute;rt&eacute;sr\u0151l szerez&uuml;nk tudom&aacute;st, a hivatkoz&aacute;sokat halad&eacute;ktalanul elt&aacute;vol&iacute;tjuk.<\/p>\n<\/div>\n<\/div>\n<div>\n<h3>Szerz\u0151i jogok<\/h3>\n<div>\n<p>Az oldalak &uuml;zemeltet\u0151i &aacute;ltal ezen oldalakon l&eacute;trehozott tartalmak &eacute;s m\u0171vek a n&eacute;met szerz\u0151i jog hat&aacute;lya al&aacute; tartoznak. A harmadik f&eacute;lt\u0151l sz&aacute;rmaz&oacute; hozz&aacute;j&aacute;rul&aacute;sok ekk&eacute;nt vannak megjel&ouml;lve. A sokszoros&iacute;t&aacute;s, szerkeszt&eacute;s, terjeszt&eacute;s &eacute;s a szerz\u0151i jogi korl&aacute;tokon k&iacute;v&uuml;li b&aacute;rmilyen felhaszn&aacute;l&aacute;s csak az adott szerz\u0151 vagy alkot&oacute; &iacute;r&aacute;sbeli hozz&aacute;j&aacute;rul&aacute;s&aacute;val lehets&eacute;ges. Az oldal let&ouml;lt&eacute;se &eacute;s m&aacute;sol&aacute;sa kiz&aacute;r&oacute;lag mag&aacute;njelleg\u0171, nem kereskedelmi c&eacute;l&uacute; felhaszn&aacute;l&aacute;sra enged&eacute;lyezett.<\/p>\n<p>A weboldal &uuml;zemeltet\u0151i igyekeznek mindig tiszteletben tartani m&aacute;sok szerz\u0151i jogait, illetve igyekeznek saj&aacute;t maguk &aacute;ltal k&eacute;sz&iacute;tett m\u0171veket vagy licencmentes m\u0171veket haszn&aacute;lni.<\/p>\n<\/div>\n<\/div>\n<div>\n<h3>Adatv&eacute;delem<\/h3>\n<div>\n<p>Amennyiben weboldalunkon szem&eacute;lyes adatokat (pl. n&eacute;v, c&iacute;m vagy e-mail-c&iacute;m) gy\u0171jt&uuml;nk, az a lehet\u0151s&eacute;gekhez m&eacute;rten mindig &ouml;nk&eacute;ntes alapon t&ouml;rt&eacute;nik. Az aj&aacute;nlatok &eacute;s szolg&aacute;ltat&aacute;sok ig&eacute;nybev&eacute;tele, amennyire csak m&oacute;d van r&aacute;, mindig szem&eacute;lyes adatok megad&aacute;sa n&eacute;lk&uuml;l lehets&eacute;ges.<\/p>\n<p>Szeretn&eacute;nk felh&iacute;vni a figyelmet arra, hogy az interneten kereszt&uuml;li adat&aacute;tvitel (pl. az e-mailes kommunik&aacute;ci&oacute; sor&aacute;n) biztons&aacute;gi r&eacute;sekkel j&aacute;rhat. Az adatok teljes k&ouml;r\u0171 v&eacute;delme harmadik szem&eacute;lyek hozz&aacute;f&eacute;r&eacute;se ellen nem lehets&eacute;ges.<\/p>\n<p>Ez&uacute;ton kifejezetten tiltjuk, hogy az impresszumad&aacute;si k&ouml;telezetts&eacute;g keret&eacute;ben k&ouml;zz&eacute;tett el&eacute;rhet\u0151s&eacute;gi adatokat harmadik szem&eacute;lyek k&eacute;retlen rekl&aacute;m- &eacute;s t&aacute;j&eacute;koztat&oacute; anyagok k&uuml;ld&eacute;s&eacute;re haszn&aacute;lj&aacute;k fel. A weboldal &uuml;zemeltet\u0151i kifejezetten fenntartj&aacute;k a jogot, hogy k&eacute;retlen rekl&aacute;minform&aacute;ci&oacute;k, p&eacute;ld&aacute;ul lev&eacute;lszem&eacute;t e-mailek k&uuml;ld&eacute;se eset&eacute;n jogi l&eacute;p&eacute;seket tegyenek.<\/p>\n<\/div>\n<\/div>\n<div>\n<h3>Google Analytics<\/h3>\n<div>\n<p>Ez a weboldal a Google Inc (&bdquo;Google&rdquo;) &aacute;ltal ny&uacute;jtott Google Analytics webanalitikai szolg&aacute;ltat&aacute;st haszn&aacute;lja. A Google Analytics &bdquo;cookie-kat&rdquo; haszn&aacute;l, amelyek az &Ouml;n sz&aacute;m&iacute;t&oacute;g&eacute;p&eacute;n elhelyezett sz&ouml;veges f&aacute;jlok, &eacute;s amelyek seg&iacute;ts&eacute;g&eacute;vel a weboldal elemezni tudja, hogy a felhaszn&aacute;l&oacute;k hogyan haszn&aacute;lj&aacute;k a weboldalt. A cookie-k &aacute;ltal gener&aacute;lt, a weboldal haszn&aacute;lat&aacute;ra vonatkoz&oacute; inform&aacute;ci&oacute;kat &aacute;ltal&aacute;ban a Google egyik USA-beli kiszolg&aacute;l&oacute;j&aacute;ra tov&aacute;bb&iacute;tj&aacute;k &eacute;s ott t&aacute;rolj&aacute;k.<\/p>\n<p>Ha azonban az IP-anonimiz&aacute;l&aacute;s aktiv&aacute;lva van ezen a weboldalon, az &Ouml;n IP-c&iacute;m&eacute;t a Google el\u0151sz&ouml;r az Eur&oacute;pai Uni&oacute; tag&aacute;llamaiban vagy az Eur&oacute;pai Gazdas&aacute;gi T&eacute;rs&eacute;gr\u0151l sz&oacute;l&oacute; meg&aacute;llapod&aacute;s m&aacute;s al&aacute;&iacute;r&oacute; &aacute;llamaiban r&ouml;vid&iacute;ti meg. A teljes IP-c&iacute;m csak kiv&eacute;teles esetekben ker&uuml;l tov&aacute;bb&iacute;t&aacute;sra a Google egyik USA-beli kiszolg&aacute;l&oacute;j&aacute;ra, &eacute;s ott ker&uuml;l r&ouml;vid&iacute;t&eacute;sre. A weboldal &uuml;zemeltet\u0151j&eacute;nek megb&iacute;z&aacute;s&aacute;b&oacute;l a Google ezeket az inform&aacute;ci&oacute;kat a weboldal haszn&aacute;lat&aacute;nak elemz&eacute;s&eacute;re, a weboldal tev&eacute;kenys&eacute;g&eacute;r\u0151l sz&oacute;l&oacute; jelent&eacute;sek &ouml;ssze&aacute;ll&iacute;t&aacute;s&aacute;ra, valamint a weboldal &uuml;zemeltet\u0151je sz&aacute;m&aacute;ra a weboldal tev&eacute;kenys&eacute;g&eacute;vel &eacute;s az internethaszn&aacute;lattal kapcsolatos egy&eacute;b szolg&aacute;ltat&aacute;sok ny&uacute;jt&aacute;s&aacute;ra haszn&aacute;lja fel. A Google Analytics elj&aacute;r&aacute;sa keret&eacute;ben a b&ouml;ng&eacute;sz\u0151je &aacute;ltal tov&aacute;bb&iacute;tott IP-c&iacute;m nem ker&uuml;l &ouml;sszevon&aacute;sra a Google egy&eacute;b adataival.<\/p>\n<p>A cookie-k haszn&aacute;lat&aacute;t a b&ouml;ng&eacute;sz\u0151je megfelel\u0151 be&aacute;ll&iacute;t&aacute;sainak kiv&aacute;laszt&aacute;s&aacute;val elutas&iacute;thatja, azonban k&eacute;rj&uuml;k, vegye figyelembe, hogy ebben az esetben el\u0151fordulhat, hogy nem tudja teljes m&eacute;rt&eacute;kben haszn&aacute;lni a weboldal funkci&oacute;it. A cookie-k &aacute;ltal gener&aacute;lt &eacute;s a weboldal haszn&aacute;lat&aacute;val kapcsolatos adatok (bele&eacute;rtve az &Ouml;n IP-c&iacute;m&eacute;t is) Google &aacute;ltali gy\u0171jt&eacute;s&eacute;t, valamint ezen adatok Google &aacute;ltali feldolgoz&aacute;s&aacute;t is megakad&aacute;lyozhatja a k&ouml;vetkez\u0151 hivatkoz&aacute;son kereszt&uuml;l el&eacute;rhet\u0151 b&ouml;ng&eacute;sz\u0151 plug-in let&ouml;lt&eacute;s&eacute;vel &eacute;s telep&iacute;t&eacute;s&eacute;vel: <a href=\"https:\/\/tools.google.com\/dlpage\/gaoptout?hl=de\" target=\"_blank\" rel=\"noopener\">http:\/\/tools.google.com\/dlpage\/gaoptout?hl=de<\/a>.<\/p>\n<p>Forr&aacute;sok: <a href=\"https:\/\/www.e-recht24.de\/muster-disclaimer.html\" target=\"_blank\" rel=\"noopener\">eRecht24 jogi nyilatkozat<\/a>, <a href=\"http:\/\/www.anwaltinfos.de\/muster-disclaimer.html\" target=\"_blank\" rel=\"noopener\">Google Analytics jogi nyilatkozat<\/a><\/p>\n<\/div>\n<\/div>\n\t\t\t\t\t\t\t\t<\/div>\n\t\t\t\t<\/div>\n\t\t\t\t\t<\/div>\n\t\t<\/div>\n\t\t\t\t\t<\/div>\n\t\t<\/section>\n\t\t\t\t<\/div>\n\t\t","protected":false},"excerpt":{"rendered":"<p>RITZ impresszum RITZ Instrument Transformers GmbHWandsbeker Zollstra&szlig;e 92-9822041 HamburgTel.: +49 40 51123 &ndash; 0Fax: +49 40 51123 &ndash; 322E-mail:&nbsp;info@ritz.at7media.digitalInternet:&nbsp;www.ritz-international.com Megb&iacute;zott &uuml;gyvezet\u0151 igazgat&oacute;:prof. Dr. Ingmar Grambow, Dr. Andreas Grambow, Dr. Christian Henze C&eacute;gb&iacute;r&oacute;s&aacute;g:Hamburgi helyi b&iacute;r&oacute;s&aacute;g Nyilv&aacute;ntart&aacute;si sz&aacute;m:HR B 102486 Uni&oacute;s ad&oacute;sz&aacute;m a forgalmi ad&oacute;r&oacute;l sz&oacute;l&oacute; t&ouml;rv&eacute;ny 27a. \u00a7-a szerint:DE&nbsp;140&nbsp;211&nbsp;002 Ad&oacute;azonos&iacute;t&oacute;:51\/780\/04184 Az RStV 55. szakasz 2. \u00a7-a [&hellip;]<\/p>\n","protected":false},"author":1,"featured_media":0,"parent":0,"menu_order":0,"comment_status":"closed","ping_status":"closed","template":"","meta":{"_acf_changed":false,"inline_featured_image":false,"footnotes":""},"class_list":["post-5715","page","type-page","status-publish","hentry"],"acf":[],"yoast_head":"<!-- This site is optimized with the Yoast SEO plugin v26.8 - https:\/\/yoast.com\/product\/yoast-seo-wordpress\/ -->\n<title>Impresszum - RITZ<\/title>\n<meta name=\"robots\" content=\"index, follow, max-snippet:-1, max-image-preview:large, max-video-preview:-1\" \/>\n<link rel=\"canonical\" href=\"https:\/\/ritz.at7media.digital\/hu\/impresszum\/\" \/>\n<meta property=\"og:locale\" content=\"hu_HU\" \/>\n<meta property=\"og:type\" content=\"article\" \/>\n<meta property=\"og:title\" content=\"Impresszum - RITZ\" \/>\n<meta property=\"og:description\" content=\"RITZ impresszum RITZ Instrument Transformers GmbHWandsbeker Zollstra&szlig;e 92-9822041 HamburgTel.: +49 40 51123 &ndash; 0Fax: +49 40 51123 &ndash; 322E-mail:&nbsp;info@ritz.at7media.digitalInternet:&nbsp;www.ritz-international.com Megb&iacute;zott &uuml;gyvezet\u0151 igazgat&oacute;:prof. Dr. Ingmar Grambow, Dr. Andreas Grambow, Dr. Christian Henze C&eacute;gb&iacute;r&oacute;s&aacute;g:Hamburgi helyi b&iacute;r&oacute;s&aacute;g Nyilv&aacute;ntart&aacute;si sz&aacute;m:HR B 102486 Uni&oacute;s ad&oacute;sz&aacute;m a forgalmi ad&oacute;r&oacute;l sz&oacute;l&oacute; t&ouml;rv&eacute;ny 27a. \u00a7-a szerint:DE&nbsp;140&nbsp;211&nbsp;002 Ad&oacute;azonos&iacute;t&oacute;:51\/780\/04184 Az RStV 55. szakasz 2. \u00a7-a [&hellip;]\" \/>\n<meta property=\"og:url\" content=\"https:\/\/ritz.at7media.digital\/hu\/impresszum\/\" \/>\n<meta property=\"og:site_name\" content=\"RITZ\" \/>\n<meta property=\"article:publisher\" content=\"https:\/\/www.instagram.com\/ritz_instrument_transformers\/\" \/>\n<meta property=\"article:modified_time\" content=\"2024-03-11T09:22:57+00:00\" \/>\n<meta name=\"twitter:card\" content=\"summary_large_image\" \/>\n<meta name=\"twitter:label1\" content=\"Becs\u00fclt olvas\u00e1si id\u0151\" \/>\n\t<meta name=\"twitter:data1\" content=\"8 perc\" \/>\n<script type=\"application\/ld+json\" class=\"yoast-schema-graph\">{\"@context\":\"https:\/\/schema.org\",\"@graph\":[{\"@type\":\"WebPage\",\"@id\":\"https:\/\/ritz.at7media.digital\/hu\/impresszum\/\",\"url\":\"https:\/\/ritz.at7media.digital\/hu\/impresszum\/\",\"name\":\"Impresszum - RITZ\",\"isPartOf\":{\"@id\":\"https:\/\/ritz.at7media.digital\/#website\"},\"datePublished\":\"2023-02-28T14:41:23+00:00\",\"dateModified\":\"2024-03-11T09:22:57+00:00\",\"breadcrumb\":{\"@id\":\"https:\/\/ritz.at7media.digital\/hu\/impresszum\/#breadcrumb\"},\"inLanguage\":\"hu\",\"potentialAction\":[{\"@type\":\"ReadAction\",\"target\":[\"https:\/\/ritz.at7media.digital\/hu\/impresszum\/\"]}]},{\"@type\":\"BreadcrumbList\",\"@id\":\"https:\/\/ritz.at7media.digital\/hu\/impresszum\/#breadcrumb\",\"itemListElement\":[{\"@type\":\"ListItem\",\"position\":1,\"name\":\"Startseite\",\"item\":\"https:\/\/ritz.at7media.digital\/hu\/kezdooldal\/\"},{\"@type\":\"ListItem\",\"position\":2,\"name\":\"Impresszum\"}]},{\"@type\":\"WebSite\",\"@id\":\"https:\/\/ritz.at7media.digital\/#website\",\"url\":\"https:\/\/ritz.at7media.digital\/\",\"name\":\"RITZ International\",\"description\":\"Empowering Our Electrical Future\",\"publisher\":{\"@id\":\"https:\/\/ritz.at7media.digital\/#organization\"},\"potentialAction\":[{\"@type\":\"SearchAction\",\"target\":{\"@type\":\"EntryPoint\",\"urlTemplate\":\"https:\/\/ritz.at7media.digital\/?s={search_term_string}\"},\"query-input\":{\"@type\":\"PropertyValueSpecification\",\"valueRequired\":true,\"valueName\":\"search_term_string\"}}],\"inLanguage\":\"hu\"},{\"@type\":\"Organization\",\"@id\":\"https:\/\/ritz.at7media.digital\/#organization\",\"name\":\"RITZ Instrument Transformers\",\"url\":\"https:\/\/ritz.at7media.digital\/\",\"logo\":{\"@type\":\"ImageObject\",\"inLanguage\":\"hu\",\"@id\":\"https:\/\/ritz.at7media.digital\/#\/schema\/logo\/image\/\",\"url\":\"https:\/\/ritz.at7media.digital\/wp-content\/uploads\/cropped-favicon-1-1.png\",\"contentUrl\":\"https:\/\/ritz.at7media.digital\/wp-content\/uploads\/cropped-favicon-1-1.png\",\"width\":512,\"height\":512,\"caption\":\"RITZ Instrument Transformers\"},\"image\":{\"@id\":\"https:\/\/ritz.at7media.digital\/#\/schema\/logo\/image\/\"},\"sameAs\":[\"https:\/\/www.instagram.com\/ritz_instrument_transformers\/\"]}]}<\/script>\n<!-- \/ Yoast SEO plugin. -->","yoast_head_json":{"title":"Impresszum - RITZ","robots":{"index":"index","follow":"follow","max-snippet":"max-snippet:-1","max-image-preview":"max-image-preview:large","max-video-preview":"max-video-preview:-1"},"canonical":"https:\/\/ritz.at7media.digital\/hu\/impresszum\/","og_locale":"hu_HU","og_type":"article","og_title":"Impresszum - RITZ","og_description":"RITZ impresszum RITZ Instrument Transformers GmbHWandsbeker Zollstra&szlig;e 92-9822041 HamburgTel.: +49 40 51123 &ndash; 0Fax: +49 40 51123 &ndash; 322E-mail:&nbsp;info@ritz.at7media.digitalInternet:&nbsp;www.ritz-international.com Megb&iacute;zott &uuml;gyvezet\u0151 igazgat&oacute;:prof. Dr. Ingmar Grambow, Dr. Andreas Grambow, Dr. Christian Henze C&eacute;gb&iacute;r&oacute;s&aacute;g:Hamburgi helyi b&iacute;r&oacute;s&aacute;g Nyilv&aacute;ntart&aacute;si sz&aacute;m:HR B 102486 Uni&oacute;s ad&oacute;sz&aacute;m a forgalmi ad&oacute;r&oacute;l sz&oacute;l&oacute; t&ouml;rv&eacute;ny 27a. \u00a7-a szerint:DE&nbsp;140&nbsp;211&nbsp;002 Ad&oacute;azonos&iacute;t&oacute;:51\/780\/04184 Az RStV 55. szakasz 2. \u00a7-a [&hellip;]","og_url":"https:\/\/ritz.at7media.digital\/hu\/impresszum\/","og_site_name":"RITZ","article_publisher":"https:\/\/www.instagram.com\/ritz_instrument_transformers\/","article_modified_time":"2024-03-11T09:22:57+00:00","twitter_card":"summary_large_image","twitter_misc":{"Becs\u00fclt olvas\u00e1si id\u0151":"8 perc"},"schema":{"@context":"https:\/\/schema.org","@graph":[{"@type":"WebPage","@id":"https:\/\/ritz.at7media.digital\/hu\/impresszum\/","url":"https:\/\/ritz.at7media.digital\/hu\/impresszum\/","name":"Impresszum - RITZ","isPartOf":{"@id":"https:\/\/ritz.at7media.digital\/#website"},"datePublished":"2023-02-28T14:41:23+00:00","dateModified":"2024-03-11T09:22:57+00:00","breadcrumb":{"@id":"https:\/\/ritz.at7media.digital\/hu\/impresszum\/#breadcrumb"},"inLanguage":"hu","potentialAction":[{"@type":"ReadAction","target":["https:\/\/ritz.at7media.digital\/hu\/impresszum\/"]}]},{"@type":"BreadcrumbList","@id":"https:\/\/ritz.at7media.digital\/hu\/impresszum\/#breadcrumb","itemListElement":[{"@type":"ListItem","position":1,"name":"Startseite","item":"https:\/\/ritz.at7media.digital\/hu\/kezdooldal\/"},{"@type":"ListItem","position":2,"name":"Impresszum"}]},{"@type":"WebSite","@id":"https:\/\/ritz.at7media.digital\/#website","url":"https:\/\/ritz.at7media.digital\/","name":"RITZ International","description":"Empowering Our Electrical Future","publisher":{"@id":"https:\/\/ritz.at7media.digital\/#organization"},"potentialAction":[{"@type":"SearchAction","target":{"@type":"EntryPoint","urlTemplate":"https:\/\/ritz.at7media.digital\/?s={search_term_string}"},"query-input":{"@type":"PropertyValueSpecification","valueRequired":true,"valueName":"search_term_string"}}],"inLanguage":"hu"},{"@type":"Organization","@id":"https:\/\/ritz.at7media.digital\/#organization","name":"RITZ Instrument Transformers","url":"https:\/\/ritz.at7media.digital\/","logo":{"@type":"ImageObject","inLanguage":"hu","@id":"https:\/\/ritz.at7media.digital\/#\/schema\/logo\/image\/","url":"https:\/\/ritz.at7media.digital\/wp-content\/uploads\/cropped-favicon-1-1.png","contentUrl":"https:\/\/ritz.at7media.digital\/wp-content\/uploads\/cropped-favicon-1-1.png","width":512,"height":512,"caption":"RITZ Instrument Transformers"},"image":{"@id":"https:\/\/ritz.at7media.digital\/#\/schema\/logo\/image\/"},"sameAs":["https:\/\/www.instagram.com\/ritz_instrument_transformers\/"]}]}},"publishpress_future_action":{"enabled":false,"date":"2026-04-19 13:09:09","action":"change-status","newStatus":"draft","terms":[],"taxonomy":"translation_priority","extraData":[]},"publishpress_future_workflow_manual_trigger":{"enabledWorkflows":[]},"_links":{"self":[{"href":"https:\/\/ritz.at7media.digital\/hu\/wp-json\/wp\/v2\/pages\/5715","targetHints":{"allow":["GET"]}}],"collection":[{"href":"https:\/\/ritz.at7media.digital\/hu\/wp-json\/wp\/v2\/pages"}],"about":[{"href":"https:\/\/ritz.at7media.digital\/hu\/wp-json\/wp\/v2\/types\/page"}],"author":[{"embeddable":true,"href":"https:\/\/ritz.at7media.digital\/hu\/wp-json\/wp\/v2\/users\/1"}],"replies":[{"embeddable":true,"href":"https:\/\/ritz.at7media.digital\/hu\/wp-json\/wp\/v2\/comments?post=5715"}],"version-history":[{"count":7,"href":"https:\/\/ritz.at7media.digital\/hu\/wp-json\/wp\/v2\/pages\/5715\/revisions"}],"predecessor-version":[{"id":10939,"href":"https:\/\/ritz.at7media.digital\/hu\/wp-json\/wp\/v2\/pages\/5715\/revisions\/10939"}],"wp:attachment":[{"href":"https:\/\/ritz.at7media.digital\/hu\/wp-json\/wp\/v2\/media?parent=5715"}],"curies":[{"name":"wp","href":"https:\/\/api.w.org\/{rel}","templated":true}]}}